{"id":118,"date":"2016-08-01T10:51:12","date_gmt":"2016-08-01T10:51:12","guid":{"rendered":"http:\/\/dev1.nanostudio.eu\/edc\/?page_id=118"},"modified":"2019-09-17T11:25:58","modified_gmt":"2019-09-17T09:25:58","slug":"splosno-o-programih","status":"publish","type":"page","link":"https:\/\/edckranj.com\/index.php\/srednja-sola-izobrazevalni-programi\/splosno-o-programih\/","title":{"rendered":"Splo\u0161no o programih"},"content":{"rendered":"<p><strong>SOFINANCIRANJE \u0160OLNIN ZA DVIG IZOBRAZBENE RAVNI<\/strong><\/p>\n<p>Javni \u0161tipendijski, razvojni, invalidski in pre\u017eivninski sklad Republike Slovenije izvaja Javni razpis za sofinanciranje \u0161olnin za dvig izobrazbene ravni, kjer si posameznik lahko povrne stro\u0161ke za srednje\u0161olsko izobra\u017eevanje. Ve\u010d informacij v prilogi <a href=\"http:\/\/edckranj.com\/wp-content\/uploads\/2019\/09\/Scan20190912114620.pdf\">Scan20190912114620<\/a><\/p>\n<p>Izobra\u017eevalni program je ovrednoten s 180 kreditnimi to\u010dkami (KT).<br \/>\nIzobra\u017eevanje traja dve leti.<br \/>\nProgram prekvalifikacije traja eno leto.<\/p>\n<h2>Pogoji za dokon\u010danje<\/h2>\n<p>Za dokon\u010danje izobra\u017eevanja in pridobitev izobrazbe mora udele\u017eenec uspe\u0161no opraviti s pozitivnimi ocenami:<\/p>\n<ul>\n<li>splo\u0161noizobra\u017eevalne predmete,<\/li>\n<li>obvezne module,<\/li>\n<li>izbirne strokovne<\/li>\n<li>module,<\/li>\n<li>odprti del kurikuluma.<\/li>\n<\/ul>\n<p>Poleg tega mora opraviti:<\/p>\n<ul>\n<li>obveznosti prakti\u010dnega usposabljanja z delom in<\/li>\n<li>zaklju\u010dni izpit.<\/li>\n<\/ul>\n<p>Zaklju\u010dni izpit obsega:<\/p>\n<ul>\n<li>pisni in ustni izpit iz sloven\u0161\u010dine,<\/li>\n<li>izdelek oziroma storitev in zagovor.<\/li>\n<\/ul>\n<p>\u010ce imate najmanj \u0161est razredov osnovne \u0161ole in opravljeno osnovno\u0161olska obveznost, se lahko vpi\u0161ete v program ni\u017ejega poklicnega izobra\u017eevanja za poklic Pomo\u010dnik pri tehnologiji gradnje.<\/p>\n","protected":false},"excerpt":{"rendered":"<p>SOFINANCIRANJE \u0160OLNIN ZA DVIG IZOBRAZBENE RAVNI Javni \u0161tipendijski, razvojni, invalidski in pre\u017eivninski sklad Republike Slovenije izvaja Javni razpis za sofinanciranje \u0161olnin za dvig izobrazbene ravni, kjer si posameznik lahko povrne stro\u0161ke za srednje\u0161olsko izobra\u017eevanje. Ve\u010d informacij v prilogi Scan20190912114620 Izobra\u017eevalni program je ovrednoten s 180 kreditnimi to\u010dkami (KT). Izobra\u017eevanje traja[&#8230;]<\/p>\n","protected":false},"author":1,"featured_media":0,"parent":29,"menu_order":0,"comment_status":"closed","ping_status":"closed","template":"","meta":{"footnotes":""},"_links":{"self":[{"href":"https:\/\/edckranj.com\/index.php\/wp-json\/wp\/v2\/pages\/118"}],"collection":[{"href":"https:\/\/edckranj.com\/index.php\/wp-json\/wp\/v2\/pages"}],"about":[{"href":"https:\/\/edckranj.com\/index.php\/wp-json\/wp\/v2\/types\/page"}],"author":[{"embeddable":true,"href":"https:\/\/edckranj.com\/index.php\/wp-json\/wp\/v2\/users\/1"}],"replies":[{"embeddable":true,"href":"https:\/\/edckranj.com\/index.php\/wp-json\/wp\/v2\/comments?post=118"}],"version-history":[{"count":5,"href":"https:\/\/edckranj.com\/index.php\/wp-json\/wp\/v2\/pages\/118\/revisions"}],"predecessor-version":[{"id":1016,"href":"https:\/\/edckranj.com\/index.php\/wp-json\/wp\/v2\/pages\/118\/revisions\/1016"}],"up":[{"embeddable":true,"href":"https:\/\/edckranj.com\/index.php\/wp-json\/wp\/v2\/pages\/29"}],"wp:attachment":[{"href":"https:\/\/edckranj.com\/index.php\/wp-json\/wp\/v2\/media?parent=118"}],"curies":[{"name":"wp","href":"https:\/\/api.w.org\/{rel}","templated":true}]}}