{"id":1292,"date":"2022-02-21T13:42:51","date_gmt":"2022-02-21T12:42:51","guid":{"rendered":"https:\/\/edckranj.com\/?page_id=1292"},"modified":"2023-10-25T10:46:18","modified_gmt":"2023-10-25T08:46:18","slug":"organigram","status":"publish","type":"page","link":"https:\/\/edckranj.com\/index.php\/organigram\/","title":{"rendered":"Organigram"},"content":{"rendered":"\n<p>Organizacijska enota\u00a0 zasebnega zavoda EDC-Kranj Vi\u0161ja strokovna \u0161ola se je s 12.05.2021 osamosvojila in preimenovala v <strong>Vi\u0161jo strokovno \u0161olo\u00a0 EDC Kranj, skraj\u0161ano VS\u0160 EDC Kranj<\/strong>.<\/p>\n\n\n\n<p>Zasebni zavod <strong>EDC- zavod za strokovno izobra\u017eevanje, skraj\u0161ano EDC-Kranj<\/strong>, organizira&nbsp;te\u010daje in druga strokovna dela.<\/p>\n\n\n<table class=\"alignleft\" style=\"width: 100%; border-collapse: collapse;\" border=\"0\">\n<tbody>\n<tr>\n<td style=\"width: 50%; vertical-align: top;\">\n<p><strong>EDC-KRANJ<br \/><\/strong><strong>SREDNJA \u0160OLA<\/strong><\/p>\n<p><strong>Organi:<\/strong><br \/>direktor<br \/>svet zavoda<br \/>strokovni svet<br \/>ravnatelj<\/p>\n<\/td>\n<td style=\"width: 50%; vertical-align: top;\">\n<p><strong>VS\u0160 EDC<br \/><\/strong><strong>VI\u0160JA \u0160OLA<\/strong><\/p>\n<p><strong>Organi:<\/strong><br \/>direktor\/ravnatelj<br \/>svet zavoda<br \/>predavateljski zbor<br \/>strokovni aktivi<br \/>\u0161tudijska komisija<br \/>komisija za spremljanje in zagotavljanje kakovosti<\/p>\n<\/td>\n<\/tr>\n<\/tbody>\n<\/table>\n\n\n<p><\/p>\n","protected":false},"excerpt":{"rendered":"<p>Organizacijska enota\u00a0 zasebnega zavoda EDC-Kranj Vi\u0161ja strokovna \u0161ola se je s 12.05.2021 osamosvojila in preimenovala v Vi\u0161jo strokovno \u0161olo\u00a0 EDC Kranj, skraj\u0161ano VS\u0160 EDC Kranj. Zasebni zavod EDC- zavod za strokovno izobra\u017eevanje, skraj\u0161ano EDC-Kranj, organizira&nbsp;te\u010daje in druga strokovna dela. EDC-KRANJSREDNJA \u0160OLA Organi:direktorsvet zavodastrokovni svetravnatelj VS\u0160 EDCVI\u0160JA \u0160OLA Organi:direktor\/ravnateljsvet zavodapredavateljski zborstrokovni[&#8230;]<\/p>\n","protected":false},"author":1,"featured_media":0,"parent":0,"menu_order":0,"comment_status":"closed","ping_status":"closed","template":"template-fullwidth.php","meta":{"footnotes":""},"_links":{"self":[{"href":"https:\/\/edckranj.com\/index.php\/wp-json\/wp\/v2\/pages\/1292"}],"collection":[{"href":"https:\/\/edckranj.com\/index.php\/wp-json\/wp\/v2\/pages"}],"about":[{"href":"https:\/\/edckranj.com\/index.php\/wp-json\/wp\/v2\/types\/page"}],"author":[{"embeddable":true,"href":"https:\/\/edckranj.com\/index.php\/wp-json\/wp\/v2\/users\/1"}],"replies":[{"embeddable":true,"href":"https:\/\/edckranj.com\/index.php\/wp-json\/wp\/v2\/comments?post=1292"}],"version-history":[{"count":11,"href":"https:\/\/edckranj.com\/index.php\/wp-json\/wp\/v2\/pages\/1292\/revisions"}],"predecessor-version":[{"id":1519,"href":"https:\/\/edckranj.com\/index.php\/wp-json\/wp\/v2\/pages\/1292\/revisions\/1519"}],"wp:attachment":[{"href":"https:\/\/edckranj.com\/index.php\/wp-json\/wp\/v2\/media?parent=1292"}],"curies":[{"name":"wp","href":"https:\/\/api.w.org\/{rel}","templated":true}]}}