{"id":1362,"date":"2022-04-07T12:34:34","date_gmt":"2022-04-07T10:34:34","guid":{"rendered":"https:\/\/edckranj.com\/?page_id=1362"},"modified":"2022-04-07T14:36:41","modified_gmt":"2022-04-07T12:36:41","slug":"alumni-klub","status":"publish","type":"page","link":"https:\/\/edckranj.com\/index.php\/alumni-klub\/","title":{"rendered":"Alumni klub"},"content":{"rendered":"\n<p>\u0160tudenti zadnjega letnika in diplomati Vi\u0161je strokovne \u0161ole se lahko pridru\u017eite Alumni klubu Vi\u0161je strokovne \u0161ole EDC Kranj. Za pridru\u017eitev vas vabimo, da izpolnite spodnji obrazec.<\/p>\n<p>S pridru\u017eitvijo Alumni klubu imate prilo\u017enosti za poslovno sodelovanje s \u00a0kolegi va\u0161e stroke, predavatelji in \u0161olo. Enkrat letno bo Vi\u0161ja strokovna \u0161ola tudi organizirala sre\u010danje \u010dlanov kluba Alumni, ki ga bo podkrepila s predstavitvijo strokovnih referatov.<\/p>\n<p>\u00a0<\/p>\n<p>\u00a0<\/p>\n\n\n<hr \/>\n<h3>Prijava v alumni klub:<\/h3>\n<div role=\"form\" class=\"wpcf7\" id=\"wpcf7-f1372-o1\" lang=\"sl-SI\" dir=\"ltr\">\n<div class=\"screen-reader-response\"><p role=\"status\" aria-live=\"polite\" aria-atomic=\"true\"><\/p> <ul><\/ul><\/div>\n<form action=\"\/index.php\/wp-json\/wp\/v2\/pages\/1362#wpcf7-f1372-o1\" method=\"post\" class=\"wpcf7-form init\" novalidate=\"novalidate\" data-status=\"init\">\n<div style=\"display: none;\">\n<input type=\"hidden\" name=\"_wpcf7\" value=\"1372\" \/>\n<input type=\"hidden\" name=\"_wpcf7_version\" value=\"5.5.6\" \/>\n<input type=\"hidden\" name=\"_wpcf7_locale\" value=\"sl_SI\" \/>\n<input type=\"hidden\" name=\"_wpcf7_unit_tag\" value=\"wpcf7-f1372-o1\" \/>\n<input type=\"hidden\" name=\"_wpcf7_container_post\" value=\"0\" \/>\n<input type=\"hidden\" name=\"_wpcf7_posted_data_hash\" value=\"\" \/>\n<input type=\"hidden\" name=\"_wpcf7_recaptcha_response\" value=\"\" \/>\n<\/div>\n<p><label>Va\u0161e ime in priimek:<br \/>\n    <span class=\"wpcf7-form-control-wrap your-name\"><input type=\"text\" name=\"your-name\" value=\"\" size=\"40\" class=\"wpcf7-form-control wpcf7-text wpcf7-validates-as-required\" aria-required=\"true\" aria-invalid=\"false\" \/><\/span> <\/label><\/p>\n<p><label>Naslov: <span class=\"wpcf7-form-control-wrap naslov\"><input type=\"text\" name=\"naslov\" value=\"\" size=\"40\" class=\"wpcf7-form-control wpcf7-text wpcf7-validates-as-required\" aria-required=\"true\" aria-invalid=\"false\" \/><\/span><\/label><br \/>\n<label>Po\u0161tna \u0161tevilka: <span class=\"wpcf7-form-control-wrap postna_st\"><input type=\"text\" name=\"postna_st\" value=\"\" size=\"40\" class=\"wpcf7-form-control wpcf7-text wpcf7-validates-as-required\" aria-required=\"true\" aria-invalid=\"false\" \/><\/span><\/label><br \/>\n<label>Po\u0161ta: <span class=\"wpcf7-form-control-wrap posta\"><input type=\"text\" name=\"posta\" value=\"\" size=\"40\" class=\"wpcf7-form-control wpcf7-text wpcf7-validates-as-required\" aria-required=\"true\" aria-invalid=\"false\" \/><\/span><\/label><\/p>\n<p><label>Va\u0161a e-po\u0161ta:<br \/>\n    <span class=\"wpcf7-form-control-wrap your-email\"><input type=\"email\" name=\"your-email\" value=\"\" size=\"40\" class=\"wpcf7-form-control wpcf7-text wpcf7-email wpcf7-validates-as-required wpcf7-validates-as-email\" aria-required=\"true\" aria-invalid=\"false\" \/><\/span> <\/label><\/p>\n<p><input type=\"submit\" value=\"Po\u0161lji\" class=\"wpcf7-form-control has-spinner wpcf7-submit\" \/><\/p>\n<div class=\"wpcf7-response-output\" aria-hidden=\"true\"><\/div><\/form><\/div>","protected":false},"excerpt":{"rendered":"<p>\u0160tudenti zadnjega letnika in diplomati Vi\u0161je strokovne \u0161ole se lahko pridru\u017eite Alumni klubu Vi\u0161je strokovne \u0161ole EDC Kranj. Za pridru\u017eitev vas vabimo, da izpolnite spodnji obrazec. S pridru\u017eitvijo Alumni klubu imate prilo\u017enosti za poslovno sodelovanje s \u00a0kolegi va\u0161e stroke, predavatelji in \u0161olo. Enkrat letno bo Vi\u0161ja strokovna \u0161ola tudi organizirala[&#8230;]<\/p>\n","protected":false},"author":1,"featured_media":0,"parent":0,"menu_order":0,"comment_status":"closed","ping_status":"closed","template":"template-fullwidth.php","meta":{"footnotes":""},"_links":{"self":[{"href":"https:\/\/edckranj.com\/index.php\/wp-json\/wp\/v2\/pages\/1362"}],"collection":[{"href":"https:\/\/edckranj.com\/index.php\/wp-json\/wp\/v2\/pages"}],"about":[{"href":"https:\/\/edckranj.com\/index.php\/wp-json\/wp\/v2\/types\/page"}],"author":[{"embeddable":true,"href":"https:\/\/edckranj.com\/index.php\/wp-json\/wp\/v2\/users\/1"}],"replies":[{"embeddable":true,"href":"https:\/\/edckranj.com\/index.php\/wp-json\/wp\/v2\/comments?post=1362"}],"version-history":[{"count":7,"href":"https:\/\/edckranj.com\/index.php\/wp-json\/wp\/v2\/pages\/1362\/revisions"}],"predecessor-version":[{"id":1378,"href":"https:\/\/edckranj.com\/index.php\/wp-json\/wp\/v2\/pages\/1362\/revisions\/1378"}],"wp:attachment":[{"href":"https:\/\/edckranj.com\/index.php\/wp-json\/wp\/v2\/media?parent=1362"}],"curies":[{"name":"wp","href":"https:\/\/api.w.org\/{rel}","templated":true}]}}