{"id":1379,"date":"2022-04-07T15:05:32","date_gmt":"2022-04-07T13:05:32","guid":{"rendered":"https:\/\/edckranj.com\/?page_id=1379"},"modified":"2022-04-08T11:21:50","modified_gmt":"2022-04-08T09:21:50","slug":"studentski-svet","status":"publish","type":"page","link":"https:\/\/edckranj.com\/index.php\/studentski-svet\/","title":{"rendered":"\u0160tudentski svet"},"content":{"rendered":"\n<p class=\"odstavek\" style=\"text-align: justify; text-indent: 51.05pt; background: white; margin: 12.0pt 0cm .0001pt 0cm;\"><span style=\"font-size: 11.0pt; font-family: 'Arial','sans-serif';\">\u0160tudenti se lahko organizirajo v \u0161tudentski svet.<\/span><\/p>\n<p class=\"odstavek\" style=\"text-align: justify; background: white; font-variant-ligatures: normal; font-variant-caps: normal; orphans: 2; widows: 2; -webkit-text-stroke-width: 0px; text-decoration-thickness: initial; text-decoration-style: initial; text-decoration-color: initial; word-spacing: 0px; margin: 12.0pt 0cm .0001pt 0cm;\"><span style=\"font-size: 11.0pt; font-family: 'Arial','sans-serif';\">\u0160tudentski svet sestavljajo predstavniki \u0161tudentov prvega in drugega letnika. \u0160tudentski svet je sestavljen iz petih \u010dlanov, ki se izvolijo na tajnih volitvah. \u010clani sveta izmed sebe izvolijo predsednika sveta.<\/span><\/p>\n<p class=\"odstavek\" style=\"text-align: justify; background: white; font-variant-ligatures: normal; font-variant-caps: normal; orphans: 2; widows: 2; -webkit-text-stroke-width: 0px; text-decoration-thickness: initial; text-decoration-style: initial; text-decoration-color: initial; word-spacing: 0px; margin: 12.0pt 0cm .0001pt 0cm;\"><span style=\"font-size: 11.0pt; font-family: 'Arial','sans-serif';\">\u0160tudentski svet obravnava in daje pristojnim organom mnenje o vseh zadevah, ki se nana\u0161ajo na pravice in dol\u017enosti \u0161tudentov.<\/span><\/p>\n","protected":false},"excerpt":{"rendered":"<p>\u0160tudenti se lahko organizirajo v \u0161tudentski svet. \u0160tudentski svet sestavljajo predstavniki \u0161tudentov prvega in drugega letnika. \u0160tudentski svet je sestavljen iz petih \u010dlanov, ki se izvolijo na tajnih volitvah. \u010clani sveta izmed sebe izvolijo predsednika sveta. \u0160tudentski svet obravnava in daje pristojnim organom mnenje o vseh zadevah, ki se nana\u0161ajo[&#8230;]<\/p>\n","protected":false},"author":1,"featured_media":0,"parent":0,"menu_order":0,"comment_status":"closed","ping_status":"closed","template":"template-fullwidth.php","meta":{"footnotes":""},"_links":{"self":[{"href":"https:\/\/edckranj.com\/index.php\/wp-json\/wp\/v2\/pages\/1379"}],"collection":[{"href":"https:\/\/edckranj.com\/index.php\/wp-json\/wp\/v2\/pages"}],"about":[{"href":"https:\/\/edckranj.com\/index.php\/wp-json\/wp\/v2\/types\/page"}],"author":[{"embeddable":true,"href":"https:\/\/edckranj.com\/index.php\/wp-json\/wp\/v2\/users\/1"}],"replies":[{"embeddable":true,"href":"https:\/\/edckranj.com\/index.php\/wp-json\/wp\/v2\/comments?post=1379"}],"version-history":[{"count":3,"href":"https:\/\/edckranj.com\/index.php\/wp-json\/wp\/v2\/pages\/1379\/revisions"}],"predecessor-version":[{"id":1390,"href":"https:\/\/edckranj.com\/index.php\/wp-json\/wp\/v2\/pages\/1379\/revisions\/1390"}],"wp:attachment":[{"href":"https:\/\/edckranj.com\/index.php\/wp-json\/wp\/v2\/media?parent=1379"}],"curies":[{"name":"wp","href":"https:\/\/api.w.org\/{rel}","templated":true}]}}