{"id":145,"date":"2016-09-22T11:17:28","date_gmt":"2016-09-22T11:17:28","guid":{"rendered":"http:\/\/dev1.nanostudio.eu\/edc\/?page_id=145"},"modified":"2022-10-05T17:17:07","modified_gmt":"2022-10-05T15:17:07","slug":"pogoji-za-vpis","status":"publish","type":"page","link":"https:\/\/edckranj.com\/index.php\/o-srednji-soli\/pogoji-za-vpis\/","title":{"rendered":"Pogoji za vpis"},"content":{"rendered":"<p><span style=\"color: #000000; font-family: Calibri; font-size: 14pt;\"><strong>Drugi Informativni dan<\/strong> za izobra\u017eevanje odraslih v srednjo \u0161olo bo potekal v petek, 2.9.2022, ob 16.00.<\/span><\/p>\n<p>Vpisi za \u0161olsko leto 2022\/23 bodo potekali od 4.7.2022 do 8.7.2022 in od 19.8.2022 do vklju\u010dno 28.10.2022.<\/p>\n<p>V izobra\u017eevalni program se lahko vpi\u0161e, kdor je:<\/p>\n<ul>\n<li>uspe\u0161no zaklju\u010dil osnovno\u0161olsko ali<\/li>\n<li>ni\u017eje poklicno izobra\u017eevanje ali<\/li>\n<li>enakovredno izobra\u017eevanje po prej\u0161njih predpisih.<\/li>\n<\/ul>\n","protected":false},"excerpt":{"rendered":"<p>Drugi Informativni dan za izobra\u017eevanje odraslih v srednjo \u0161olo bo potekal v petek, 2.9.2022, ob 16.00. Vpisi za \u0161olsko leto 2022\/23 bodo potekali od 4.7.2022 do 8.7.2022 in od 19.8.2022 do vklju\u010dno 28.10.2022. V izobra\u017eevalni program se lahko vpi\u0161e, kdor je: uspe\u0161no zaklju\u010dil osnovno\u0161olsko ali ni\u017eje poklicno izobra\u017eevanje ali enakovredno[&#8230;]<\/p>\n","protected":false},"author":1,"featured_media":0,"parent":52,"menu_order":0,"comment_status":"closed","ping_status":"closed","template":"","meta":{"footnotes":""},"_links":{"self":[{"href":"https:\/\/edckranj.com\/index.php\/wp-json\/wp\/v2\/pages\/145"}],"collection":[{"href":"https:\/\/edckranj.com\/index.php\/wp-json\/wp\/v2\/pages"}],"about":[{"href":"https:\/\/edckranj.com\/index.php\/wp-json\/wp\/v2\/types\/page"}],"author":[{"embeddable":true,"href":"https:\/\/edckranj.com\/index.php\/wp-json\/wp\/v2\/users\/1"}],"replies":[{"embeddable":true,"href":"https:\/\/edckranj.com\/index.php\/wp-json\/wp\/v2\/comments?post=145"}],"version-history":[{"count":11,"href":"https:\/\/edckranj.com\/index.php\/wp-json\/wp\/v2\/pages\/145\/revisions"}],"predecessor-version":[{"id":1455,"href":"https:\/\/edckranj.com\/index.php\/wp-json\/wp\/v2\/pages\/145\/revisions\/1455"}],"up":[{"embeddable":true,"href":"https:\/\/edckranj.com\/index.php\/wp-json\/wp\/v2\/pages\/52"}],"wp:attachment":[{"href":"https:\/\/edckranj.com\/index.php\/wp-json\/wp\/v2\/media?parent=145"}],"curies":[{"name":"wp","href":"https:\/\/api.w.org\/{rel}","templated":true}]}}