{"id":151,"date":"2016-09-22T11:27:22","date_gmt":"2016-09-22T11:27:22","guid":{"rendered":"http:\/\/dev1.nanostudio.eu\/edc\/?page_id=151"},"modified":"2019-07-03T14:39:43","modified_gmt":"2019-07-03T12:39:43","slug":"o-visji-strokovni-soli","status":"publish","type":"page","link":"https:\/\/edckranj.com\/index.php\/o-visji-strokovni-soli\/","title":{"rendered":"O vi\u0161ji strokovni \u0161oli"},"content":{"rendered":"<p><strong>INTERVJU S \u0160TUDENTOM VI\u0160JE STROKOVNE \u0160OLE<\/strong><\/p>\n<p>&nbsp;<\/p>\n<p><strong>Bo\u017eidar Savi\u0107 je \u0161tudent 2. letnika EDC Kranj, Vi\u0161je strokovne \u0161ole, programa Gradbeni\u0161tvo. Letos je dopolnil \u017ee 67 let in je dokaz, da za \u0161tudij ni nikoli prepozno.<\/strong><\/p>\n<p><!--more--><img loading=\"lazy\" decoding=\"async\" class=\"alignnone size-medium wp-image-604\" src=\"http:\/\/edckranj.com\/wp-content\/uploads\/2016\/09\/Slika-232x300.jpg\" alt=\"slika\" width=\"232\" height=\"300\" srcset=\"https:\/\/edckranj.com\/wp-content\/uploads\/2016\/09\/Slika-232x300.jpg 232w, https:\/\/edckranj.com\/wp-content\/uploads\/2016\/09\/Slika.jpg 396w\" sizes=\"(max-width: 232px) 100vw, 232px\" \/><\/p>\n<p><strong>Bo\u017eidar Savi\u0107, zakaj ste se odlo\u010dili za \u0161tudij na Vi\u0161ji strokovni \u0161oli?<\/strong><\/p>\n<p>Za \u0161tudij gradbeni\u0161tva sem se odlo\u010dil zaradi istega poklica, ki ga opravljam \u017ee 20 let in sem imel svoje podjetje. Izvajal sem elektri\u010dne in\u0161talacije in hkrati tudi gradbena dela, po poklicu pa sem elektrotehnik. Imel sem firmo, ki je izvajala dela elektroin\u0161talacije, izvajanje in projektiranje. Na za\u010detku leta 1997 nam je Elektro Ljubljana mesto poslal dopis z vsebino, da morajo vsi elektroin\u0161talaterji, ki izvajajo med elektroin\u0161talacijami tudi gradbena dela, kot so vgrajevanje zunanjih, notranjih elektri\u010dnih omaric, doz in kanale za cevi ter kable, imeti priglasitveno dejavnost splo\u0161na gradbena dela. V za\u010detku sem imel gradbenega delavca, ki je med drugim tudi izvajal manj\u0161a gradbena dela. Postopoma sem tudi sam za\u010del izvajati osnovna gradbena dela \u0161e posebej, ker je izvajanje elektri\u010dnih in\u0161talacij dolgo\u010dasno in sem si rekel, da se te dve panogi povezujeta. Tako sem za\u010del izvajati gradbena dela, kot so ru\u0161enje pomo\u017enih sten, odprtin, pozidava, obdelava \u0161palet, nana\u0161anje grobega, finega ometa in cela vrsta drugih gradbenih del, priprava malt, betonov in ostalih gradbenih del. V praksi sem se nau\u010dil \u0161e zidarska, armiranobetonska dela. Na podlagi tega sem se odlo\u010dil, da dobim \u0161e teoreti\u010dna znanja in s tem tudi ustrezno izobrazbo za izvajanje kompletnih gradbenih del na vi\u0161ji strokovni \u0161oli, programu gradbeni\u0161tvo.<\/p>\n<p><strong>Kje ste izvedeli za EDC, Vi\u0161jo strokovno \u0161olo?<\/strong><\/p>\n<p>Na spletni strani \u0161ole sem zasledil va\u0161o \u0161olo in se na podlagi informacij na spletu ter \u017eelje in potrebe po ustrezni izobrazbi, vpisal.\u00a0 Za vpis sem se odlo\u010dil takoj in vpra\u0161al po telefonu direktorico, ki mi je dala \u0161e dodatne informacije in mo\u017enost takoj\u0161njega za\u010detka \u0161tudija.<\/p>\n<p><strong>Kak\u0161no delo pa opravljate?<\/strong><\/p>\n<p>Kljub statusu upokojenca sem \u0161e vedno zelo aktiven na podro\u010dju gradbeni\u0161tva. \u0160e vedno izvajam vsa gradbena dela, ampak samo na svojem objektu.<\/p>\n<p><strong>Ali vam znanje, ki ga pridobivate na Vi\u0161ji strokovni \u0161oli koristi pri va\u0161em delu?<\/strong><\/p>\n<p>Pridobljeno teoreti\u010dno znanje na \u0161oli mi ogromno pomeni v praksi, kajti moram priznati, da je ogromno teoreti\u010dnih vsebin, ki jih prej nisem poznal, zato bi se rad zahvalil na prvem mestu direktorici, ki mi je omogo\u010dila vpis, nadaljevanje in dokon\u010danje \u0161tudija, kakor tudi vam za izjemno vodenje in usmerjanje \u0161tudentov in tudi vsem va\u0161im predavateljem.<\/p>\n<p><strong>Ali imate dovolj \u010dasa za \u0161tudij?<\/strong><\/p>\n<p>Prej, ko sem imel podjetje, nisem imel \u010dasa za pripravljanje, \u0161tudij. Zdaj pa je popolnoma druga\u010de, \u010dasa je na pretek.<\/p>\n<p><strong>Kaj bi svetovali bodo\u010dim \u0161tudentom Vi\u0161je strokovne \u0161ole?<\/strong><\/p>\n<p>Bodo\u010dim \u0161tudentom bi svetoval naslednje: \u010de se \u017ee odlo\u010dijo za \u0161tudij, naj pristopijo resno in odgovorno, kajti naro\u010dnik investitor gradbenih del zahteva odgovorno osebo, polno teoreti\u010dnih in prakti\u010dnih znanj ter resnost pri izvedbi. Pri izvedbi del morajo biti resni in delo izvajati strokovno v skladu s predpisi, standardi in normativi. \u0160e posebej to velja za odgovornega vodja del. \u0160e naprej vam \u017eelim tako odgovorno delo in odgovoren pristop do \u0161tudentov.<\/p>\n<ol>\n<li><strong> Bo\u017eidar Savi\u0107 najlep\u0161a hvala za vas \u010das, ki ste si ga vzeli in prijeten pogovor. \u017delim vam \u0161e naprej veliko \u0161tudijskih in poslovnih uspehov. <\/strong><\/li>\n<\/ol>\n<p>&nbsp;<\/p>\n<p>Barbara Kalan<\/p>\n","protected":false},"excerpt":{"rendered":"<p>INTERVJU S \u0160TUDENTOM VI\u0160JE STROKOVNE \u0160OLE &nbsp; Bo\u017eidar Savi\u0107 je \u0161tudent 2. letnika EDC Kranj, Vi\u0161je strokovne \u0161ole, programa Gradbeni\u0161tvo. Letos je dopolnil \u017ee 67 let in je dokaz, da za \u0161tudij ni nikoli prepozno.<\/p>\n","protected":false},"author":1,"featured_media":0,"parent":0,"menu_order":0,"comment_status":"closed","ping_status":"closed","template":"","meta":{"footnotes":""},"_links":{"self":[{"href":"https:\/\/edckranj.com\/index.php\/wp-json\/wp\/v2\/pages\/151"}],"collection":[{"href":"https:\/\/edckranj.com\/index.php\/wp-json\/wp\/v2\/pages"}],"about":[{"href":"https:\/\/edckranj.com\/index.php\/wp-json\/wp\/v2\/types\/page"}],"author":[{"embeddable":true,"href":"https:\/\/edckranj.com\/index.php\/wp-json\/wp\/v2\/users\/1"}],"replies":[{"embeddable":true,"href":"https:\/\/edckranj.com\/index.php\/wp-json\/wp\/v2\/comments?post=151"}],"version-history":[{"count":7,"href":"https:\/\/edckranj.com\/index.php\/wp-json\/wp\/v2\/pages\/151\/revisions"}],"predecessor-version":[{"id":991,"href":"https:\/\/edckranj.com\/index.php\/wp-json\/wp\/v2\/pages\/151\/revisions\/991"}],"wp:attachment":[{"href":"https:\/\/edckranj.com\/index.php\/wp-json\/wp\/v2\/media?parent=151"}],"curies":[{"name":"wp","href":"https:\/\/api.w.org\/{rel}","templated":true}]}}