{"id":156,"date":"2016-09-22T11:29:42","date_gmt":"2016-09-22T11:29:42","guid":{"rendered":"http:\/\/dev1.nanostudio.eu\/edc\/?page_id=156"},"modified":"2022-01-25T13:15:35","modified_gmt":"2022-01-25T12:15:35","slug":"poslanstvo","status":"publish","type":"page","link":"https:\/\/edckranj.com\/index.php\/o-visji-strokovni-soli\/poslanstvo\/","title":{"rendered":"Poslanstvo"},"content":{"rendered":"<p>EDC Kranj\u00a0izvaja izobra\u017eevanje vseh gradbenih poklicev, od zidarja, tesarja, slikopleskarja, pe\u010darja, dimnikarja preko gradbenega tehnika do in\u017eenirja gradbeni\u0161tva ter varstva okolja in komunale na podro\u010dju izobra\u017eevanja odraslih.\u00a0 Vsi programi so verificirani.<\/p>\n<p>Zagotavljanje kakovosti in ugodne klime na \u0161oli je eden od klju\u010dnih pogojev za uspe\u0161no delo. Na vi\u0161ji strokovni \u0161oli imamo oblikovano Komisijo za spremljanje in zagotavljanje kakovosti, ki vsako leto s pomo\u010djo samoevalvacije pride do klju\u010dnih rezultatov. Na podlagi ugotovitev ravnateljica poda predloge izbolj\u0161av in jih tudi skrbno realizira.<\/p>\n<p>Poslanstvo \u0161ole je, da \u0161tudenti dose\u017eejo veliko strokovno teoreti\u010dnega in prakti\u010dnega znanja za nadaljnje delo.<\/p>\n<p>\u0160e naprej bomo sodelovali s podjetji na podro\u010dju gradbeni\u0161tva in varstva okolja in komunale, predstavljali delovanje in uspehe \u0161tudentov ter spremljali razvoj kariernih poti na\u0161ih diplomantov. Vi\u0161ja strokovna \u0161ola EDC Kranj se vklju\u010duje v razli\u010dna zdru\u017eenja za izobra\u017eevanje, kot je Skupnost vi\u0161jih strokovnih \u0161ol.<\/p>\n<p>Ohranjali bomo dolgoletno tradicijo in kakovost izobra\u017eevanja in obrti, saj se zavedamo pomembnosti gradbenih znanj za kulturni razvoj o\u017eje in \u0161ir\u0161e regije.<\/p>\n","protected":false},"excerpt":{"rendered":"<p>EDC Kranj\u00a0izvaja izobra\u017eevanje vseh gradbenih poklicev, od zidarja, tesarja, slikopleskarja, pe\u010darja, dimnikarja preko gradbenega tehnika do in\u017eenirja gradbeni\u0161tva ter varstva okolja in komunale na podro\u010dju izobra\u017eevanja odraslih.\u00a0 Vsi programi so verificirani. Zagotavljanje kakovosti in ugodne klime na \u0161oli je eden od klju\u010dnih pogojev za uspe\u0161no delo. Na vi\u0161ji strokovni \u0161oli[&#8230;]<\/p>\n","protected":false},"author":1,"featured_media":0,"parent":151,"menu_order":0,"comment_status":"closed","ping_status":"closed","template":"","meta":{"footnotes":""},"_links":{"self":[{"href":"https:\/\/edckranj.com\/index.php\/wp-json\/wp\/v2\/pages\/156"}],"collection":[{"href":"https:\/\/edckranj.com\/index.php\/wp-json\/wp\/v2\/pages"}],"about":[{"href":"https:\/\/edckranj.com\/index.php\/wp-json\/wp\/v2\/types\/page"}],"author":[{"embeddable":true,"href":"https:\/\/edckranj.com\/index.php\/wp-json\/wp\/v2\/users\/1"}],"replies":[{"embeddable":true,"href":"https:\/\/edckranj.com\/index.php\/wp-json\/wp\/v2\/comments?post=156"}],"version-history":[{"count":6,"href":"https:\/\/edckranj.com\/index.php\/wp-json\/wp\/v2\/pages\/156\/revisions"}],"predecessor-version":[{"id":1251,"href":"https:\/\/edckranj.com\/index.php\/wp-json\/wp\/v2\/pages\/156\/revisions\/1251"}],"up":[{"embeddable":true,"href":"https:\/\/edckranj.com\/index.php\/wp-json\/wp\/v2\/pages\/151"}],"wp:attachment":[{"href":"https:\/\/edckranj.com\/index.php\/wp-json\/wp\/v2\/media?parent=156"}],"curies":[{"name":"wp","href":"https:\/\/api.w.org\/{rel}","templated":true}]}}