{"id":158,"date":"2016-09-22T11:29:54","date_gmt":"2016-09-22T11:29:54","guid":{"rendered":"http:\/\/dev1.nanostudio.eu\/edc\/?page_id=158"},"modified":"2023-02-18T13:23:17","modified_gmt":"2023-02-18T12:23:17","slug":"vizija","status":"publish","type":"page","link":"https:\/\/edckranj.com\/index.php\/o-visji-strokovni-soli\/vizija\/","title":{"rendered":"Vizija"},"content":{"rendered":"<p><span style=\"color: #000000; font-family: Calibri;\">Spo\u0161tovani \u0161tudenti,<\/span><\/p>\n<p><em><span style=\"color: #000000; font-family: Calibri;\">\u017eelim vam, da bi bili pri \u0161tudiju uspe\u0161ni in bi vam \u010dim bolj slu\u017eil na va\u0161i poklicni poti. Ves \u010das sledimo viziji \u0161ole, ki pa jo uresni\u010dujemo skupaj z vami.<\/span><\/em><\/p>\n<p><span style=\"color: #000000; font-family: Calibri;\">\u00a0<\/span><span style=\"color: #000000; font-family: Calibri;\">ravnatelj<\/span><\/p>\n<p>Vizijo so sooblikovali in preoblikovali \u010dlani Strate\u0161kega sveta s pomo\u010djo ugotovitev predavateljskega zbora.<\/p>\n<p>Na\u0161a vizija je, \u00bb<em>da vam pomagamo realizirati lastne ambicije in vam nuditi poklicno konkuren\u010dnost.\u00ab <\/em>S kakovostnim izobra\u017eevanjem kadrov \u017eelimo postati upo\u0161tevanja vreden dejavnik razvoja gospodarstva.<\/p>\n<p>VS\u0160 svojo vizijo udejanja s kakovostnim izobra\u017eevalnim procesom in prizadevanjem za pridobivanje kompetenc \u0161tudentov, ki so pomembne za uspe\u0161no opravljanje svojega dela.<\/p>\n<p>\u0160e vedno se dr\u017eimo berberskega pregovora, ki je slogan \u0161ole \u00bbObvladovanje svojega poklica je, kot bi imel lastno trdnjavo.\u00ab<\/p>\n<p>Vi\u0161ja strokovna \u0161ola EDC Kranj uresni\u010duje svojo vizijo z Letnim delovnim na\u010drtom, ki ga sprejme Svet zavoda in Poslovnikom kakovosti. Z letnim na\u010drtovanjem dolo\u010damo potek dela, s katerim uresni\u010dujemo zastavljene cilje.<\/p>\n","protected":false},"excerpt":{"rendered":"<p>Spo\u0161tovani \u0161tudenti, \u017eelim vam, da bi bili pri \u0161tudiju uspe\u0161ni in bi vam \u010dim bolj slu\u017eil na va\u0161i poklicni poti. Ves \u010das sledimo viziji \u0161ole, ki pa jo uresni\u010dujemo skupaj z vami. \u00a0ravnatelj Vizijo so sooblikovali in preoblikovali \u010dlani Strate\u0161kega sveta s pomo\u010djo ugotovitev predavateljskega zbora. Na\u0161a vizija je, \u00bbda[&#8230;]<\/p>\n","protected":false},"author":1,"featured_media":0,"parent":151,"menu_order":0,"comment_status":"closed","ping_status":"closed","template":"","meta":{"footnotes":""},"_links":{"self":[{"href":"https:\/\/edckranj.com\/index.php\/wp-json\/wp\/v2\/pages\/158"}],"collection":[{"href":"https:\/\/edckranj.com\/index.php\/wp-json\/wp\/v2\/pages"}],"about":[{"href":"https:\/\/edckranj.com\/index.php\/wp-json\/wp\/v2\/types\/page"}],"author":[{"embeddable":true,"href":"https:\/\/edckranj.com\/index.php\/wp-json\/wp\/v2\/users\/1"}],"replies":[{"embeddable":true,"href":"https:\/\/edckranj.com\/index.php\/wp-json\/wp\/v2\/comments?post=158"}],"version-history":[{"count":6,"href":"https:\/\/edckranj.com\/index.php\/wp-json\/wp\/v2\/pages\/158\/revisions"}],"predecessor-version":[{"id":1468,"href":"https:\/\/edckranj.com\/index.php\/wp-json\/wp\/v2\/pages\/158\/revisions\/1468"}],"up":[{"embeddable":true,"href":"https:\/\/edckranj.com\/index.php\/wp-json\/wp\/v2\/pages\/151"}],"wp:attachment":[{"href":"https:\/\/edckranj.com\/index.php\/wp-json\/wp\/v2\/media?parent=158"}],"curies":[{"name":"wp","href":"https:\/\/api.w.org\/{rel}","templated":true}]}}