{"id":160,"date":"2016-09-22T11:30:05","date_gmt":"2016-09-22T11:30:05","guid":{"rendered":"http:\/\/dev1.nanostudio.eu\/edc\/?page_id=160"},"modified":"2022-08-26T16:21:01","modified_gmt":"2022-08-26T14:21:01","slug":"kakovost","status":"publish","type":"page","link":"https:\/\/edckranj.com\/index.php\/o-visji-strokovni-soli\/kakovost\/","title":{"rendered":"Kakovost"},"content":{"rendered":"<p>Na Vi\u0161ji strokovni \u0161oli\u00a0 z notranjo evalvacijo tradicionalno spremljamo u\u010dne u\u010dinke in pozitivne predloge \u0161tudentov. Z izsledki so seznanjeni vsi dele\u017eniki. Pridobljene izku\u0161nje na vi\u0161jem strokovnem \u0161olstvu ne predstavljajo le materialne baze, temve\u010d so pomembno izhodi\u0161\u010de za nadgradnjo strokovnega \u0161tudijskega podro\u010dja.<\/p>\n<p>Z razgovori in anketiranjem predstavnikov gospodarstva redno spremljamo u\u010dne izide na\u0161ih \u0161tudentov, se seznanjamo z novostmi na trgu in potrebami zaposlitvenega trga. Ob\u010dasno organiziramo okrogle mize s polemi\u010dnimi temami in o izidih seznanimo \u0161ir\u0161o javnost.<\/p>\n<p>S posluhom za potrebe gospodarstva, dru\u017ebenim anga\u017eiranjem in s specializacijo za izklju\u010dno gradbene poklice nam je v 21 letih uspelo izobraziti preko 1200 gradbenikov razli\u010dnih smeri in 470 in\u017eenirjev.<\/p>\n<h3>Skrb za \u0161tudente<\/h3>\n<p>\u0160tudentje imajo mo\u017enost aktivno izra\u017eati svoj interes pri posodobitvi \u0161tudijskih programov.<\/p>\n<p>\u0160tudentom so zagotovljene: svetovalne storitve, povezane z vpisom, mo\u017enost priznavanja izpitov z drugih \u0161tudijskih programov, pomo\u010d pri sklepanju pogodb za opravljanje prakti\u010dnega izobra\u017eevanja, \u010de niso zaposleni v gradbeni\u0161tvu. Spodbujali bomo tudi mobilnost \u0161tudentov.<\/p>\n<p>V samoevalvacijskih postopkih, ki so na vi\u0161ji \u0161oli \u017ee tradicija in se izvedejo najmanj enkrat v \u0161tudijskem letu, \u0161tudentje ocenijo delo predavateljev pri posameznem predmetu, u\u010dno gradivo, institucijo kot celoto, vodstvo zavoda in odnos zaposlenih. Dana jim je mo\u017enost anonimno izraziti konkretne kritike in pohvale. Izsledki samoevalvacije se vsako leto analizirajo. S poro\u010dilom se seznanijo vsi dele\u017eniki. Institucija na kritike odreagira s pojasnili in ukrepi.<\/p>\n<h3>Zaposlitvene mo\u017enosti diplomantov<\/h3>\n<p>V zadnji letih smo \u0161olali \u0161tudente iz 150 ve\u010djih in manj\u0161ih podjetij, tako da smo v gradbeni operativi na Gorenjskem kot tudi \u0161ir\u0161e po dr\u017eavi \u017ee poznani.<\/p>\n<p>POSLOVNIK KAKOVOSTI<\/p>\n<p>Poslovnik 2_k2 2020, 21<\/p>\n<p>Samoevalvacijsko poro\u010dilo 2010\/11<a href=\"http:\/\/edckranj.com\/wp-content\/uploads\/2016\/09\/Samoevalvacijsko-poro\u010dilo-10-11.-1doc.doc\">samoevalvacijsko-porocilo-10-11-1doc<\/a><\/p>\n<p>Samoevalvacijsko poro\u010dilo 2011\/12<a href=\"http:\/\/edckranj.com\/wp-content\/uploads\/2016\/09\/Samoevalvacijsko-poro\u010dilo-11-12-3.pdf\">samoevalvacijsko-porocilo-11-12-3<\/a><\/p>\n<p>Samoevalvacijsko poro\u010dilo 2013\/14<a href=\"http:\/\/edckranj.com\/wp-content\/uploads\/2016\/09\/Samoevalvacijsko-poro\u010dilo-13-14-1.doc\">samoevalvacijsko-porocilo-13-14<\/a><\/p>\n<p>Samoevalvacijsko poro\u010dilo 2014\/15<a href=\"http:\/\/edckranj.com\/wp-content\/uploads\/2016\/09\/Samoevalvacijsko-poro\u010dilo-14-15-1.pdf\">samoevalvacijsko-porocilo-14-15<\/a><\/p>\n<p>SAMOEVALVACIJSKO PORO\u010cILO 2015\/16<a href=\"http:\/\/edckranj.com\/wp-content\/uploads\/2016\/09\/Samoevalvacijsko_porocilo_VSS_15-16.pdf\">samoevalvacijsko_porocilo_vss_15-16<\/a><\/p>\n<p>Samoevalvacijsko poro\u010dilo 2016\/17<a href=\"http:\/\/edckranj.com\/wp-content\/uploads\/2016\/09\/Samoevalvacijsko-poro\u010dilo-16-17.pdf\">samoevalvacijsko-porocilo-16-17<\/a><\/p>\n<p><a href=\"http:\/\/edckranj.com\/wp-content\/uploads\/2022\/03\/Samoevalvacijsko-porocilo-17-18.doc\">Samoevalvacijsko poro\u010dilo 17, 18<\/a><\/p>\n<p>Dolgoro\u010dni razvojni program<a href=\"http:\/\/edckranj.com\/wp-content\/uploads\/2016\/09\/Dolgoro\u010dni-razvojni-na\u010drt-EDC-Kranj.pdf\">dolgorocni-razvojni-nacrt-edc-kranj<\/a><\/p>\n\n\n<p><\/p>\n","protected":false},"excerpt":{"rendered":"<p>Na Vi\u0161ji strokovni \u0161oli\u00a0 z notranjo evalvacijo tradicionalno spremljamo u\u010dne u\u010dinke in pozitivne predloge \u0161tudentov. Z izsledki so seznanjeni vsi dele\u017eniki. Pridobljene izku\u0161nje na vi\u0161jem strokovnem \u0161olstvu ne predstavljajo le materialne baze, temve\u010d so pomembno izhodi\u0161\u010de za nadgradnjo strokovnega \u0161tudijskega podro\u010dja. Z razgovori in anketiranjem predstavnikov gospodarstva redno spremljamo u\u010dne[&#8230;]<\/p>\n","protected":false},"author":1,"featured_media":0,"parent":151,"menu_order":0,"comment_status":"closed","ping_status":"closed","template":"","meta":{"footnotes":""},"_links":{"self":[{"href":"https:\/\/edckranj.com\/index.php\/wp-json\/wp\/v2\/pages\/160"}],"collection":[{"href":"https:\/\/edckranj.com\/index.php\/wp-json\/wp\/v2\/pages"}],"about":[{"href":"https:\/\/edckranj.com\/index.php\/wp-json\/wp\/v2\/types\/page"}],"author":[{"embeddable":true,"href":"https:\/\/edckranj.com\/index.php\/wp-json\/wp\/v2\/users\/1"}],"replies":[{"embeddable":true,"href":"https:\/\/edckranj.com\/index.php\/wp-json\/wp\/v2\/comments?post=160"}],"version-history":[{"count":30,"href":"https:\/\/edckranj.com\/index.php\/wp-json\/wp\/v2\/pages\/160\/revisions"}],"predecessor-version":[{"id":1439,"href":"https:\/\/edckranj.com\/index.php\/wp-json\/wp\/v2\/pages\/160\/revisions\/1439"}],"up":[{"embeddable":true,"href":"https:\/\/edckranj.com\/index.php\/wp-json\/wp\/v2\/pages\/151"}],"wp:attachment":[{"href":"https:\/\/edckranj.com\/index.php\/wp-json\/wp\/v2\/media?parent=160"}],"curies":[{"name":"wp","href":"https:\/\/api.w.org\/{rel}","templated":true}]}}