{"id":162,"date":"2016-09-22T11:30:21","date_gmt":"2016-09-22T11:30:21","guid":{"rendered":"http:\/\/dev1.nanostudio.eu\/edc\/?page_id=162"},"modified":"2022-03-21T12:30:19","modified_gmt":"2022-03-21T11:30:19","slug":"predavatelji","status":"publish","type":"page","link":"https:\/\/edckranj.com\/index.php\/o-visji-strokovni-soli\/predavatelji\/","title":{"rendered":"Predavatelji"},"content":{"rendered":"<p>Predavateljski zbor vi\u0161je strokovne \u0161ole sestavljajo predavatelji in strokovni delavci \u0161ole, ki opravljajo vzgojno-izobra\u017eevalno delo. Predavateljski zbor obravnava ter odlo\u010da o strokovnih vpra\u0161anjih \u0161ole. Oblikuje enotna izhodi\u0161\u010da za delo, usklajuje merila in kriterije pri izobra\u017eevalnem procesu na razli\u010dnih nivojih zahtevnosti, dograjuje in medsebojno usklajuje izvedbo u\u010dnih na\u010drtov ter spremlja in analizira u\u010dne rezultate.<\/p>\n<p>Predavateljski kader je najbolj pomemben, zato smo v 19 letih obstoja vi\u0161je strokovne \u0161ole pridobili predavatelje z izku\u0161njami iz gospodarstva. Vsi vi\u0161je\u0161olski predavatelji so imenovani in imajo naziv predavatelj\/predavateljica vi\u0161je strokovne \u0161ole.<\/p>\n<p>Merila za imenovanje predavateljev vi\u0161je strokovne \u0161ole:<\/p>\n<p><a href=\"http:\/\/edckranj.com\/wp-content\/uploads\/2016\/09\/Merila-za-imenovanje-NOVA.pdf\">merila-za-imenovanje-nova<\/a><\/p>\n","protected":false},"excerpt":{"rendered":"<p>Predavateljski zbor vi\u0161je strokovne \u0161ole sestavljajo predavatelji in strokovni delavci \u0161ole, ki opravljajo vzgojno-izobra\u017eevalno delo. Predavateljski zbor obravnava ter odlo\u010da o strokovnih vpra\u0161anjih \u0161ole. Oblikuje enotna izhodi\u0161\u010da za delo, usklajuje merila in kriterije pri izobra\u017eevalnem procesu na razli\u010dnih nivojih zahtevnosti, dograjuje in medsebojno usklajuje izvedbo u\u010dnih na\u010drtov ter spremlja in[&#8230;]<\/p>\n","protected":false},"author":1,"featured_media":0,"parent":151,"menu_order":0,"comment_status":"closed","ping_status":"closed","template":"","meta":{"footnotes":""},"_links":{"self":[{"href":"https:\/\/edckranj.com\/index.php\/wp-json\/wp\/v2\/pages\/162"}],"collection":[{"href":"https:\/\/edckranj.com\/index.php\/wp-json\/wp\/v2\/pages"}],"about":[{"href":"https:\/\/edckranj.com\/index.php\/wp-json\/wp\/v2\/types\/page"}],"author":[{"embeddable":true,"href":"https:\/\/edckranj.com\/index.php\/wp-json\/wp\/v2\/users\/1"}],"replies":[{"embeddable":true,"href":"https:\/\/edckranj.com\/index.php\/wp-json\/wp\/v2\/comments?post=162"}],"version-history":[{"count":13,"href":"https:\/\/edckranj.com\/index.php\/wp-json\/wp\/v2\/pages\/162\/revisions"}],"predecessor-version":[{"id":1344,"href":"https:\/\/edckranj.com\/index.php\/wp-json\/wp\/v2\/pages\/162\/revisions\/1344"}],"up":[{"embeddable":true,"href":"https:\/\/edckranj.com\/index.php\/wp-json\/wp\/v2\/pages\/151"}],"wp:attachment":[{"href":"https:\/\/edckranj.com\/index.php\/wp-json\/wp\/v2\/media?parent=162"}],"curies":[{"name":"wp","href":"https:\/\/api.w.org\/{rel}","templated":true}]}}