{"id":164,"date":"2016-09-22T11:30:32","date_gmt":"2016-09-22T11:30:32","guid":{"rendered":"http:\/\/dev1.nanostudio.eu\/edc\/?page_id=164"},"modified":"2022-08-26T16:19:40","modified_gmt":"2022-08-26T14:19:40","slug":"organiziranost","status":"publish","type":"page","link":"https:\/\/edckranj.com\/index.php\/o-visji-strokovni-soli\/organiziranost\/","title":{"rendered":"Organiziranost"},"content":{"rendered":"<p><strong>OE VI\u0160JA STROKOVNA \u0160OLA<\/strong><\/p>\n<p><strong>izvaja naslednja vi\u0161je\u0161olska \u0161tudijska programa:<\/strong><\/p>\n<ul>\n<li>gradbeni\u0161tvo in<\/li>\n<li>varstvo okolja in komunala.<\/li>\n<\/ul>\n<p>Organi:<\/p>\n<ul>\n<li>direktor\/ravnatelj,<\/li>\n<li>strate\u0161ki svet,<\/li>\n<li>predavateljski zbor,<\/li>\n<li>\u0161tudijska komisija,<\/li>\n<li>komisija za spremljanje in zagotavljanje kakovosti,<\/li>\n<li>strokovni aktivi.<\/li>\n<\/ul>\n<p><span style=\"color: #000000; font-family: Calibri;\">\u00a0<\/span><\/p>\n<h3><\/h3>\n","protected":false},"excerpt":{"rendered":"<p>OE VI\u0160JA STROKOVNA \u0160OLA izvaja naslednja vi\u0161je\u0161olska \u0161tudijska programa: gradbeni\u0161tvo in varstvo okolja in komunala. Organi: direktor\/ravnatelj, strate\u0161ki svet, predavateljski zbor, \u0161tudijska komisija, komisija za spremljanje in zagotavljanje kakovosti, strokovni aktivi. \u00a0<\/p>\n","protected":false},"author":1,"featured_media":0,"parent":151,"menu_order":0,"comment_status":"closed","ping_status":"closed","template":"","meta":{"footnotes":""},"_links":{"self":[{"href":"https:\/\/edckranj.com\/index.php\/wp-json\/wp\/v2\/pages\/164"}],"collection":[{"href":"https:\/\/edckranj.com\/index.php\/wp-json\/wp\/v2\/pages"}],"about":[{"href":"https:\/\/edckranj.com\/index.php\/wp-json\/wp\/v2\/types\/page"}],"author":[{"embeddable":true,"href":"https:\/\/edckranj.com\/index.php\/wp-json\/wp\/v2\/users\/1"}],"replies":[{"embeddable":true,"href":"https:\/\/edckranj.com\/index.php\/wp-json\/wp\/v2\/comments?post=164"}],"version-history":[{"count":8,"href":"https:\/\/edckranj.com\/index.php\/wp-json\/wp\/v2\/pages\/164\/revisions"}],"predecessor-version":[{"id":1436,"href":"https:\/\/edckranj.com\/index.php\/wp-json\/wp\/v2\/pages\/164\/revisions\/1436"}],"up":[{"embeddable":true,"href":"https:\/\/edckranj.com\/index.php\/wp-json\/wp\/v2\/pages\/151"}],"wp:attachment":[{"href":"https:\/\/edckranj.com\/index.php\/wp-json\/wp\/v2\/media?parent=164"}],"curies":[{"name":"wp","href":"https:\/\/api.w.org\/{rel}","templated":true}]}}