{"id":166,"date":"2016-09-22T11:30:43","date_gmt":"2016-09-22T11:30:43","guid":{"rendered":"http:\/\/dev1.nanostudio.eu\/edc\/?page_id=166"},"modified":"2022-02-16T13:30:29","modified_gmt":"2022-02-16T12:30:29","slug":"knjiznica","status":"publish","type":"page","link":"https:\/\/edckranj.com\/index.php\/o-visji-strokovni-soli\/knjiznica\/","title":{"rendered":"Knji\u017enica"},"content":{"rendered":"<p>Uporabljamo sistem e-gradiv za vsak predmet, ki so jih napisali predavatelji in jih vsako leto tudi dopolnjujejo.<\/p>\n<p>Na EDC je dolgoro\u010dno nagrajevanje in spodbujanje avtorjev ter vztrajanje pri tradiciji, da vsak predavatelj napi\u0161e tudi osnovno u\u010dno gradivo za svoj predmet, pripomoglo k naboru zavidljive ponudbe na\u0161e knji\u017enice. Na\u0161a praksa in normativ je, da \u0161tudente v okviru vpisnine opremimo z osnovno u\u010dno literaturo za vsak predmet brez dopla\u010dil. Pomembno je tudi, da ob izvedbi notranje evalvacije damo \u0161tudentom prilo\u017enost, da u\u010dno gradivo predavatelja anonimno ocenijo.<\/p>\n<p>Zavod poseduje razpolo\u017eljivo gradbeno literaturo, ki jo je bilo mogo\u010de kupiti doslej in je naro\u010den na strokovne revije.<\/p>\n<p>Knji\u017enica ima na voljo za izposojo strokovne knjige s podro\u010dja gradbeni\u0161tva,\u00a0 urbanizma, s podro\u010dja cest,\u00a0 arhitekture, matematike in fizike,\u00a0leksikone, slovarje, enciklopedije in dokumentarno literaturo.<\/p>\n<p>Arhiv diplomskih nalog obsega 515 enot.<\/p>\n","protected":false},"excerpt":{"rendered":"<p>Uporabljamo sistem e-gradiv za vsak predmet, ki so jih napisali predavatelji in jih vsako leto tudi dopolnjujejo. Na EDC je dolgoro\u010dno nagrajevanje in spodbujanje avtorjev ter vztrajanje pri tradiciji, da vsak predavatelj napi\u0161e tudi osnovno u\u010dno gradivo za svoj predmet, pripomoglo k naboru zavidljive ponudbe na\u0161e knji\u017enice. Na\u0161a praksa in[&#8230;]<\/p>\n","protected":false},"author":1,"featured_media":0,"parent":151,"menu_order":0,"comment_status":"closed","ping_status":"closed","template":"","meta":{"footnotes":""},"_links":{"self":[{"href":"https:\/\/edckranj.com\/index.php\/wp-json\/wp\/v2\/pages\/166"}],"collection":[{"href":"https:\/\/edckranj.com\/index.php\/wp-json\/wp\/v2\/pages"}],"about":[{"href":"https:\/\/edckranj.com\/index.php\/wp-json\/wp\/v2\/types\/page"}],"author":[{"embeddable":true,"href":"https:\/\/edckranj.com\/index.php\/wp-json\/wp\/v2\/users\/1"}],"replies":[{"embeddable":true,"href":"https:\/\/edckranj.com\/index.php\/wp-json\/wp\/v2\/comments?post=166"}],"version-history":[{"count":4,"href":"https:\/\/edckranj.com\/index.php\/wp-json\/wp\/v2\/pages\/166\/revisions"}],"predecessor-version":[{"id":1277,"href":"https:\/\/edckranj.com\/index.php\/wp-json\/wp\/v2\/pages\/166\/revisions\/1277"}],"up":[{"embeddable":true,"href":"https:\/\/edckranj.com\/index.php\/wp-json\/wp\/v2\/pages\/151"}],"wp:attachment":[{"href":"https:\/\/edckranj.com\/index.php\/wp-json\/wp\/v2\/media?parent=166"}],"curies":[{"name":"wp","href":"https:\/\/api.w.org\/{rel}","templated":true}]}}