{"id":170,"date":"2016-09-22T11:31:05","date_gmt":"2016-09-22T11:31:05","guid":{"rendered":"http:\/\/dev1.nanostudio.eu\/edc\/?page_id=170"},"modified":"2022-03-21T12:34:32","modified_gmt":"2022-03-21T11:34:32","slug":"navodila-in-pravilniki","status":"publish","type":"page","link":"https:\/\/edckranj.com\/index.php\/o-visji-strokovni-soli\/navodila-in-pravilniki\/","title":{"rendered":"Navodila in pravilniki"},"content":{"rendered":"<p>Navodila za izdelavo diplomske naloge dobite na povezavi:<\/p>\n<p><a href=\"http:\/\/edckranj.com\/wp-content\/uploads\/2016\/11\/Enotni_tehnicni_standardi_EDC-1.doc\">enotni_tehnicni_standardi_<\/a><\/p>\n<p>Pravilnik o izdelavi diplomske naloge dobite na povezavi:<\/p>\n<p>pravilnik-o-izdelavi-diplome-2017 <a href=\"http:\/\/edckranj.com\/wp-content\/uploads\/2016\/09\/Pravilnik-o-izdelavi-diplome-2017-1.doc\">pravilnik-o-izdelavi-diplome-2017<\/a><\/p>\n<p>Poslovnik \u0161tudijske komisije <a href=\"http:\/\/edckranj.com\/wp-content\/uploads\/2016\/09\/POSLOVNIK-\u0160TUDIJSKE-KOMISIJE.doc\">poslovnik-studijske-komisije<\/a><\/p>\n<p>Merila za prinavanje Prakti\u010dnega izobra\u017eevanja merila-za-priznavanje-pri-doc-1<\/p>\n<p><a href=\"http:\/\/edckranj.com\/wp-content\/uploads\/2016\/09\/Merila-za-priznavanje-PRI-1-1.doc-1-1.doc\">merila-za-priznavanje-pri-doc-1<\/a><\/p>\n<p>LETNI DELOVNI NA\u010cRT<\/p>\n<p><a href=\"http:\/\/edckranj.com\/wp-content\/uploads\/2022\/03\/Letni-delovni-nacrt-202122.pdf\">Letni delovni na\u010drt 2021,22<\/a><\/p>\n<p>GDPR<\/p>\n<p><a href=\"http:\/\/edckranj.com\/wp-content\/uploads\/2016\/09\/Varstvo-osebnih-podatkov.docx\">varstvo-osebnih-podatkov<\/a><\/p>\n<p>Navodila za delo predavateljev<\/p>\n<p><a href=\"http:\/\/edckranj.com\/wp-content\/uploads\/2016\/09\/scan0177.pdf\">scan0177<\/a><\/p>\n","protected":false},"excerpt":{"rendered":"<p>Navodila za izdelavo diplomske naloge dobite na povezavi: enotni_tehnicni_standardi_ Pravilnik o izdelavi diplomske naloge dobite na povezavi: pravilnik-o-izdelavi-diplome-2017 pravilnik-o-izdelavi-diplome-2017 Poslovnik \u0161tudijske komisije poslovnik-studijske-komisije Merila za prinavanje Prakti\u010dnega izobra\u017eevanja merila-za-priznavanje-pri-doc-1 merila-za-priznavanje-pri-doc-1 LETNI DELOVNI NA\u010cRT Letni delovni na\u010drt 2021,22 GDPR varstvo-osebnih-podatkov Navodila za delo predavateljev scan0177<\/p>\n","protected":false},"author":1,"featured_media":0,"parent":151,"menu_order":0,"comment_status":"closed","ping_status":"closed","template":"","meta":{"footnotes":""},"_links":{"self":[{"href":"https:\/\/edckranj.com\/index.php\/wp-json\/wp\/v2\/pages\/170"}],"collection":[{"href":"https:\/\/edckranj.com\/index.php\/wp-json\/wp\/v2\/pages"}],"about":[{"href":"https:\/\/edckranj.com\/index.php\/wp-json\/wp\/v2\/types\/page"}],"author":[{"embeddable":true,"href":"https:\/\/edckranj.com\/index.php\/wp-json\/wp\/v2\/users\/1"}],"replies":[{"embeddable":true,"href":"https:\/\/edckranj.com\/index.php\/wp-json\/wp\/v2\/comments?post=170"}],"version-history":[{"count":26,"href":"https:\/\/edckranj.com\/index.php\/wp-json\/wp\/v2\/pages\/170\/revisions"}],"predecessor-version":[{"id":1348,"href":"https:\/\/edckranj.com\/index.php\/wp-json\/wp\/v2\/pages\/170\/revisions\/1348"}],"up":[{"embeddable":true,"href":"https:\/\/edckranj.com\/index.php\/wp-json\/wp\/v2\/pages\/151"}],"wp:attachment":[{"href":"https:\/\/edckranj.com\/index.php\/wp-json\/wp\/v2\/media?parent=170"}],"curies":[{"name":"wp","href":"https:\/\/api.w.org\/{rel}","templated":true}]}}