{"id":172,"date":"2016-09-22T11:31:17","date_gmt":"2016-09-22T11:31:17","guid":{"rendered":"http:\/\/dev1.nanostudio.eu\/edc\/?page_id=172"},"modified":"2019-04-18T15:36:03","modified_gmt":"2019-04-18T13:36:03","slug":"fotogalerija","status":"publish","type":"page","link":"https:\/\/edckranj.com\/index.php\/o-visji-strokovni-soli\/fotogalerija\/","title":{"rendered":"Fotogalerija"},"content":{"rendered":"<p>&nbsp;<\/p>\n<p><img loading=\"lazy\" decoding=\"async\" class=\"alignnone size-medium wp-image-959\" src=\"http:\/\/edckranj.com\/wp-content\/uploads\/2019\/04\/IMG_5611-300x225.jpg\" alt=\"\" width=\"300\" height=\"225\" srcset=\"https:\/\/edckranj.com\/wp-content\/uploads\/2019\/04\/IMG_5611-300x225.jpg 300w, https:\/\/edckranj.com\/wp-content\/uploads\/2019\/04\/IMG_5611-768x576.jpg 768w, https:\/\/edckranj.com\/wp-content\/uploads\/2019\/04\/IMG_5611-1024x768.jpg 1024w, https:\/\/edckranj.com\/wp-content\/uploads\/2019\/04\/IMG_5611-750x560.jpg 750w\" sizes=\"(max-width: 300px) 100vw, 300px\" \/> <img loading=\"lazy\" decoding=\"async\" class=\"alignnone size-medium wp-image-960\" src=\"http:\/\/edckranj.com\/wp-content\/uploads\/2019\/04\/IMG_5612-300x225.jpg\" alt=\"\" width=\"300\" height=\"225\" srcset=\"https:\/\/edckranj.com\/wp-content\/uploads\/2019\/04\/IMG_5612-300x225.jpg 300w, https:\/\/edckranj.com\/wp-content\/uploads\/2019\/04\/IMG_5612-768x576.jpg 768w, https:\/\/edckranj.com\/wp-content\/uploads\/2019\/04\/IMG_5612-1024x768.jpg 1024w, https:\/\/edckranj.com\/wp-content\/uploads\/2019\/04\/IMG_5612-750x560.jpg 750w\" sizes=\"(max-width: 300px) 100vw, 300px\" \/><\/p>\n<p>12.4. 2019 je potekala strokovna<img loading=\"lazy\" decoding=\"async\" class=\"alignnone size-medium wp-image-961\" src=\"http:\/\/edckranj.com\/wp-content\/uploads\/2019\/04\/IMG_5613-300x225.jpg\" alt=\"\" width=\"300\" height=\"225\" srcset=\"https:\/\/edckranj.com\/wp-content\/uploads\/2019\/04\/IMG_5613-300x225.jpg 300w, https:\/\/edckranj.com\/wp-content\/uploads\/2019\/04\/IMG_5613-768x576.jpg 768w, https:\/\/edckranj.com\/wp-content\/uploads\/2019\/04\/IMG_5613-1024x768.jpg 1024w, https:\/\/edckranj.com\/wp-content\/uploads\/2019\/04\/IMG_5613-750x560.jpg 750w\" sizes=\"(max-width: 300px) 100vw, 300px\" \/> ekskurzija v vzdr\u017eevalni bazi Podtabor. \u0160tudentje so se seznanili z delovanjem zimske slu\u017ebe.<\/p>\n<p>&nbsp;<\/p>\n","protected":false},"excerpt":{"rendered":"<p>&nbsp; 12.4. 2019 je potekala strokovna ekskurzija v vzdr\u017eevalni bazi Podtabor. \u0160tudentje so se seznanili z delovanjem zimske slu\u017ebe. &nbsp;<\/p>\n","protected":false},"author":1,"featured_media":0,"parent":151,"menu_order":0,"comment_status":"closed","ping_status":"closed","template":"template-gallery.php","meta":{"footnotes":""},"_links":{"self":[{"href":"https:\/\/edckranj.com\/index.php\/wp-json\/wp\/v2\/pages\/172"}],"collection":[{"href":"https:\/\/edckranj.com\/index.php\/wp-json\/wp\/v2\/pages"}],"about":[{"href":"https:\/\/edckranj.com\/index.php\/wp-json\/wp\/v2\/types\/page"}],"author":[{"embeddable":true,"href":"https:\/\/edckranj.com\/index.php\/wp-json\/wp\/v2\/users\/1"}],"replies":[{"embeddable":true,"href":"https:\/\/edckranj.com\/index.php\/wp-json\/wp\/v2\/comments?post=172"}],"version-history":[{"count":24,"href":"https:\/\/edckranj.com\/index.php\/wp-json\/wp\/v2\/pages\/172\/revisions"}],"predecessor-version":[{"id":962,"href":"https:\/\/edckranj.com\/index.php\/wp-json\/wp\/v2\/pages\/172\/revisions\/962"}],"up":[{"embeddable":true,"href":"https:\/\/edckranj.com\/index.php\/wp-json\/wp\/v2\/pages\/151"}],"wp:attachment":[{"href":"https:\/\/edckranj.com\/index.php\/wp-json\/wp\/v2\/media?parent=172"}],"curies":[{"name":"wp","href":"https:\/\/api.w.org\/{rel}","templated":true}]}}