{"id":174,"date":"2016-09-22T11:31:30","date_gmt":"2016-09-22T11:31:30","guid":{"rendered":"http:\/\/dev1.nanostudio.eu\/edc\/?page_id=174"},"modified":"2016-09-22T13:55:05","modified_gmt":"2016-09-22T13:55:05","slug":"povezave","status":"publish","type":"page","link":"https:\/\/edckranj.com\/index.php\/o-visji-strokovni-soli\/povezave\/","title":{"rendered":"Povezave"},"content":{"rendered":"<p><strong>Uporabne povezave za \u0161tudente:<\/strong><\/p>\n<p><a href=\"http:\/\/www.mizs.gov.si\/\">Ministrstvo za izobra\u017eevanje, znanost in \u0161port<\/a><\/p>\n<p><a href=\"http:\/\/vps.vss-ce.com\/VPS\/\">Vi\u0161je\u0161olska prijavna slu\u017eba   <\/a><\/p>\n<p><a href=\"http:\/\/www.mizs.gov.si\/si\/delovna_podrocja\/direktorat_za_visoko_solstvo\/evs_prijava_za_vpis\/obvestilo_prijaviteljem\">eV\u0160 vpis v vi\u0161je\u0161olske programe<\/a><\/p>\n<p><a href=\"http:\/\/www.pisrs.si\/Pis.web\/pregledPredpisa?id=ZAKO4093\">Zakon o vi\u0161jem strokovnem izobra\u017eevanju<\/a><\/p>\n<p><a href=\"http:\/\/www.cpi.si\/\">CPI &#8211; center za poklicno in strokovno izobra\u017eevanje<\/a><\/p>\n<p><a href=\"http:\/\/www.studentska-org.si\/\">\u0160tudentska organizacija Slovenije<\/a><\/p>\n<p><a href=\"http:\/\/www.vsgi.si\/EDC_VSGI,,poslovnik_kakovosti,organiziranost_zavoda_vsgi.htm\">Visoka \u0161ola za gradbeno in\u017eenirstvo Kranj<\/a><\/p>\n","protected":false},"excerpt":{"rendered":"<p>Uporabne povezave za \u0161tudente: Ministrstvo za izobra\u017eevanje, znanost in \u0161port Vi\u0161je\u0161olska prijavna slu\u017eba eV\u0160 vpis v vi\u0161je\u0161olske programe Zakon o vi\u0161jem strokovnem izobra\u017eevanju CPI &#8211; center za poklicno in strokovno izobra\u017eevanje \u0160tudentska organizacija Slovenije Visoka \u0161ola za gradbeno in\u017eenirstvo Kranj<\/p>\n","protected":false},"author":1,"featured_media":0,"parent":151,"menu_order":0,"comment_status":"closed","ping_status":"closed","template":"","meta":{"footnotes":""},"_links":{"self":[{"href":"https:\/\/edckranj.com\/index.php\/wp-json\/wp\/v2\/pages\/174"}],"collection":[{"href":"https:\/\/edckranj.com\/index.php\/wp-json\/wp\/v2\/pages"}],"about":[{"href":"https:\/\/edckranj.com\/index.php\/wp-json\/wp\/v2\/types\/page"}],"author":[{"embeddable":true,"href":"https:\/\/edckranj.com\/index.php\/wp-json\/wp\/v2\/users\/1"}],"replies":[{"embeddable":true,"href":"https:\/\/edckranj.com\/index.php\/wp-json\/wp\/v2\/comments?post=174"}],"version-history":[{"count":3,"href":"https:\/\/edckranj.com\/index.php\/wp-json\/wp\/v2\/pages\/174\/revisions"}],"predecessor-version":[{"id":267,"href":"https:\/\/edckranj.com\/index.php\/wp-json\/wp\/v2\/pages\/174\/revisions\/267"}],"up":[{"embeddable":true,"href":"https:\/\/edckranj.com\/index.php\/wp-json\/wp\/v2\/pages\/151"}],"wp:attachment":[{"href":"https:\/\/edckranj.com\/index.php\/wp-json\/wp\/v2\/media?parent=174"}],"curies":[{"name":"wp","href":"https:\/\/api.w.org\/{rel}","templated":true}]}}