{"id":178,"date":"2016-09-22T11:32:23","date_gmt":"2016-09-22T11:32:23","guid":{"rendered":"http:\/\/dev1.nanostudio.eu\/edc\/?page_id=178"},"modified":"2023-10-03T17:34:53","modified_gmt":"2023-10-03T15:34:53","slug":"gradbenistvo","status":"publish","type":"page","link":"https:\/\/edckranj.com\/index.php\/vss-izobrazevalni-programi\/gradbenistvo\/","title":{"rendered":"Gradbeni\u0161tvo"},"content":{"rendered":"<p>\u0160tudij je ovrednoten s 120 KT.<\/p>\n<p><strong>Strokovni naziv: in\u017eenir\/ka gradbeni\u0161tva<\/strong><\/p>\n<p>Prenovljeni program GRADBENI\u0160TVO omogo\u010da pridobivanje znanja \u0161ir\u0161ega podro\u010dja v obveznem in izbirnem delu programa skozi predavanja in prakti\u010dnih ekskurzij ter obveznega prakti\u010dnega izobra\u017eevanja na koncu vsakega \u0161tudijskega leta.<\/p>\n<h2>Vpisni pogoji<\/h2>\n<p>Kon\u010dan 4-letni srednje\u0161olski program z opravljenim zaklju\u010dnim izpitom ali poklicno maturo\/ splo\u0161no maturo.<\/p>\n<p>Pomembna novost v vi\u0161je\u0161olskem programu je ve\u010dja ponudba izbirnih modulov, kar omogo\u010da prilagajanje izobra\u017eevanja potrebam okolja, ter \u0161olanje na daljavo.<\/p>\n<ul>\n<li>\u0160tudij traja dve leti. Sledi izdelava in zagovor diplomske naloge.<\/li>\n<li>\u0160tudijski program je ovrednoten s 120 kreditni to\u010dkami po sistemu ECTS.<\/li>\n<li>Predavanja so organizirana dvakrat tedensko po pet \u0161olskih ur v popoldanskem \u010dasu, od ponedeljka do petka, in potekajo v strnjeni obliki.<br \/>\nPo zaklju\u010dku predavanj posameznega predmeta sledi izpit.<\/li>\n<li>Za vsak predmet EDC Vi\u0161ja strokovna \u0161ola priskrbi skripto.<\/li>\n<li>Prakti\u010dno izobra\u017eevanje si lahko izberete sami, oziroma se dogovorite s \u0161olo in na\u0161imi poslovnimi partnerji.<\/li>\n<li>\u010ce ima \u0161tudent ve\u010d kot dve leti ustreznih prakti\u010dnih izku\u0161enj, je opro\u0161\u010den izvedbe prakti\u010dnega izobra\u017eevanja.<\/li>\n<li>V drugi letnik se \u0161tudent vpi\u0161e, ko je uspe\u0161no opravil obveznosti 1. letnika in ima v celoti poravnano \u0161olnino za 1. letnik ter vpisnino in \u0161olnino za 2. letnik.<\/li>\n<li>\u0160tudij lahko nadaljuje po ve\u010d mo\u017enih izbirnih modulov v programu varstvo okolja in komunala oziroma dveh izbirnih modulih v programu gradbeni\u0161tvo.<\/li>\n<li>\u0160tudij se zaklju\u010di z zagovorom diplomske naloge. Pred tem morate imeti opravljene vse \u0161tudijske in finan\u010dne obveznosti.<\/li>\n<li><strong>\u0160olnina<\/strong>: Ob vpisu se poravna <strong>vpisnina <\/strong>500,00 \u20ac. in \u0161olnino za letnik v vi\u0161ini 2.000,00 \u20ac. Mo\u017eno je \u0161olnino poravnati v 5-mese\u010dnih obrokih po 400,00 \u20ac. Diplomsko delo zna\u0161a 500,00\u20ac.<\/li>\n<\/ul>\n<hr \/>\n<h2><strong>Predmetnik<\/strong><\/h2>\n<table border=\"0\" cellspacing=\"0\" cellpadding=\"0\">\n<tbody>\n<tr>\n<td>\u0160t.<\/td>\n<td>Ime predmeta<\/td>\n<td>Obvezno \/ izbirno<\/td>\n<td>Letnik<\/td>\n<td>Kreditne to\u010dke<\/td>\n<\/tr>\n<tr>\n<td><strong>M1<\/strong><\/td>\n<td><strong>POSLOVNE KOMUNIKACIJE V GRADBENI\u0160TVU<\/strong><\/td>\n<td><strong>obvezno<\/strong><\/td>\n<td><strong>1.<\/strong><\/td>\n<td><strong>23<\/strong><\/td>\n<\/tr>\n<tr>\n<td>P1<\/td>\n<td style=\"vertical-align: top;\">Ekonomika podjetja (EKP)<\/td>\n<td>obvezno<\/td>\n<td>1.<\/td>\n<td>6<\/td>\n<\/tr>\n<tr>\n<td>P2<\/td>\n<td>Poslovno komuniciranje in vodenje (PKV)<\/td>\n<td>obvezno<\/td>\n<td>1.<\/td>\n<td>6<\/td>\n<\/tr>\n<tr>\n<td>P3<\/td>\n<td>Ra\u010dunalni\u0161tvo in informatika v gradbeni\u0161tvu (RIG)<\/td>\n<td>obvezno<\/td>\n<td>1.<\/td>\n<td>6<\/td>\n<\/tr>\n<tr>\n<td>D1<\/td>\n<td>Prakti\u010dno izobra\u017eevanje 1 (PRI 1)<\/td>\n<td>obvezno<\/td>\n<td>1.<\/td>\n<td><strong>5<\/strong><\/td>\n<\/tr>\n<tr>\n<td><strong>P4<\/strong><\/td>\n<td><strong>Konstrukcije 1 (KO1)<\/strong><\/td>\n<td><strong>obvezno<\/strong><\/td>\n<td><strong>1.<\/strong><\/td>\n<td><strong>7<\/strong><\/td>\n<\/tr>\n<tr>\n<td><strong>M2<\/strong><\/td>\n<td><strong>GRADBENI\u0160TVO I<\/strong><\/td>\n<td><strong>obvezno<\/strong><\/td>\n<td><\/td>\n<td><\/td>\n<\/tr>\n<tr>\n<td>P5<\/td>\n<td>Gradiva (GRA)<\/td>\n<td>obvezno<\/td>\n<td>1.<\/td>\n<td>7<\/td>\n<\/tr>\n<tr>\n<td>P6<\/td>\n<td>Varstvo pri delu in zakonodaja (VDZ)<\/td>\n<td>izbirno<\/td>\n<td>1.<\/td>\n<td>5<\/td>\n<\/tr>\n<tr>\n<td>P7<\/td>\n<td>Geodetske evidence (GEV)<\/td>\n<td>izbirno<\/td>\n<td>1.<\/td>\n<td>5<\/td>\n<\/tr>\n<tr>\n<td>P8<\/td>\n<td>Varstvo okolja in urajanje prostora (VOP)<\/td>\n<td>obvezno<\/td>\n<td>1.<\/td>\n<td>5<\/td>\n<\/tr>\n<tr>\n<td>D2<\/td>\n<td>Prakti\u010dno izobra\u017eevanje 2 (PRI 2)<\/td>\n<td>obvezno<\/td>\n<td>1.<\/td>\n<td><strong>8<\/strong><\/td>\n<\/tr>\n<tr>\n<td><strong>D3<\/strong><\/td>\n<td><strong>PROSTO IZBIRNI PREDMET<\/strong><\/td>\n<td><strong>obvezno<\/strong><\/td>\n<td><strong>1.<\/strong><\/td>\n<td><strong>5<\/strong><\/td>\n<\/tr>\n<tr>\n<td><strong>M3<\/strong><\/td>\n<td><strong>GRADBENI\u0160TVO II<\/strong><\/td>\n<td><strong>obvezno<\/strong><\/td>\n<td><strong>2.<\/strong><\/td>\n<td><strong>25<\/strong><\/td>\n<\/tr>\n<tr>\n<td>P9<\/td>\n<td>Konstrukcije 2 (KO2)<\/td>\n<td>obvezno<\/td>\n<td>2.<\/td>\n<td>7<\/td>\n<\/tr>\n<tr>\n<td>P10<\/td>\n<td>Geotehnologija (GET)<\/td>\n<td>obvezno<\/td>\n<td>2.<\/td>\n<td>6<\/td>\n<\/tr>\n<tr>\n<td>P11<\/td>\n<td>Stavbe (STA)<\/td>\n<td>izbirno<\/td>\n<td>2.<\/td>\n<td>6<\/td>\n<\/tr>\n<tr>\n<td>P12<\/td>\n<td>Prometni objekti (POB)<\/td>\n<td>izbirno<\/td>\n<td>2.<\/td>\n<td>6<\/td>\n<\/tr>\n<tr>\n<td>P13<\/td>\n<td>Hidrotehni\u010dni objekti (HOB)<\/td>\n<td>izbirno<\/td>\n<td>2.<\/td>\n<td>6<\/td>\n<\/tr>\n<tr>\n<td>D4<\/td>\n<td>Prakti\u010dno izobra\u017eevanje 3 (PRI 3)<\/td>\n<td>obvezno<\/td>\n<td>2.<\/td>\n<td><strong>6<\/strong><\/td>\n<\/tr>\n<tr>\n<td>\u0160t.<\/td>\n<td>Ime predmeta<\/td>\n<td>Obvezno \/ izbirno<\/td>\n<td>Letnik<\/td>\n<td>Kreditne to\u010dke<\/td>\n<\/tr>\n<tr>\n<td><strong>P14<\/strong><\/td>\n<td><strong>Strokovna terminologija v tujem jeziku v gradbeni\u0161tvu (STJ)<\/strong><\/td>\n<td><strong>obvezno<\/strong><\/td>\n<td><strong>2.<\/strong><\/td>\n<td><strong>6<\/strong><\/td>\n<\/tr>\n<tr>\n<td><strong>M4<\/strong><\/td>\n<td><strong>OPERATIVNI MODUL<\/strong><\/td>\n<td><strong>izbirno<\/strong><\/td>\n<td><strong>2.<\/strong><\/td>\n<td><strong>24<\/strong><\/td>\n<\/tr>\n<tr>\n<td>P15<\/td>\n<td>Tehnologija gradbene proizvodnje (TGP)<\/td>\n<td>obvezno<\/td>\n<td>2.<\/td>\n<td>7<\/td>\n<\/tr>\n<tr>\n<td>P16<\/td>\n<td>Kalkulacije in poslovanje (KPO)<\/td>\n<td>obvezno<\/td>\n<td>2.<\/td>\n<td>5<\/td>\n<\/tr>\n<tr>\n<td>P17<\/td>\n<td>In\u017eenirska geodezija (IGE)<\/td>\n<td>obvezno<\/td>\n<td>2.<\/td>\n<td>5<\/td>\n<\/tr>\n<tr>\n<td>D5<\/td>\n<td>Prakti\u010dno izobra\u017eevanje 4 (PRI 4O)<\/td>\n<td>obvezno<\/td>\n<td>2.<\/td>\n<td><strong>7<\/strong><\/td>\n<\/tr>\n<tr>\n<td><strong>M5<\/strong><\/td>\n<td><strong>PROJEKTIVNI MODUL<\/strong><\/td>\n<td><strong>izbirno<\/strong><\/td>\n<td><strong>2.<\/strong><\/td>\n<td><strong>24<\/strong><\/td>\n<\/tr>\n<tr>\n<td>P18<\/td>\n<td>Osnove tehnologije in projektiranja (OTP)<\/td>\n<td>obvezno<\/td>\n<td>2.<\/td>\n<td>7<\/td>\n<\/tr>\n<tr>\n<td>P19<\/td>\n<td>Priprava in izdelava delavni\u0161ke dokumentacije (PID)<\/td>\n<td>obvezno<\/td>\n<td>2.<\/td>\n<td>5<\/td>\n<\/tr>\n<tr>\n<td>P20<\/td>\n<td>Lesene in jeklene konstrukcije (LJK)<\/td>\n<td>obvezno<\/td>\n<td>2.<\/td>\n<td>5<\/td>\n<\/tr>\n<tr>\n<td>D6<\/td>\n<td>Prakti\u010dno izobra\u017eevanje 4 (PRI 4P)<\/td>\n<td>obvezno<\/td>\n<td>2.<\/td>\n<td><strong>7<\/strong><\/td>\n<\/tr>\n<tr>\n<td><strong>D7*<\/strong><\/td>\n<td><strong>DIPLOMSKO DELO<\/strong><\/td>\n<td><strong>obvezno<\/strong><\/td>\n<td><strong>2.<\/strong><\/td>\n<td><strong>5<\/strong><\/td>\n<\/tr>\n<tr>\n<td><\/td>\n<td><strong><em>Prakti\u010dno izobra\u017eevanje<\/em><\/strong><\/td>\n<td><\/td>\n<td><strong><em>1.+2.<\/em><\/strong><\/td>\n<td><strong><em>26<\/em><\/strong><\/td>\n<\/tr>\n<tr>\n<td><\/td>\n<td><strong><em>SKUPAJ (upo\u0161tevan izbirni modul M4)<\/em><\/strong><\/td>\n<td><\/td>\n<td><strong>1.+2.<\/strong><\/td>\n<td><strong>120<\/strong><\/td>\n<\/tr>\n<tr>\n<td><\/td>\n<td><strong><em>SKUPAJ (upo\u0161tevan izbirni modul M5)<\/em><\/strong><\/td>\n<td><\/td>\n<td><strong>1.+2.<\/strong><\/td>\n<td><strong>120<\/strong><\/td>\n<\/tr>\n<\/tbody>\n<\/table>\n<p>* D7* &#8211; 5 KT je \u017ee upo\u0161tevanih v prakti\u010dnem izobra\u017eevanju<\/p>\n","protected":false},"excerpt":{"rendered":"<p>\u0160tudij je ovrednoten s 120 KT. Strokovni naziv: in\u017eenir\/ka gradbeni\u0161tva Prenovljeni program GRADBENI\u0160TVO omogo\u010da pridobivanje znanja \u0161ir\u0161ega podro\u010dja v obveznem in izbirnem delu programa skozi predavanja in prakti\u010dnih ekskurzij ter obveznega prakti\u010dnega izobra\u017eevanja na koncu vsakega \u0161tudijskega leta. Vpisni pogoji Kon\u010dan 4-letni srednje\u0161olski program z opravljenim zaklju\u010dnim izpitom ali poklicno[&#8230;]<\/p>\n","protected":false},"author":1,"featured_media":0,"parent":153,"menu_order":0,"comment_status":"closed","ping_status":"closed","template":"","meta":{"footnotes":""},"_links":{"self":[{"href":"https:\/\/edckranj.com\/index.php\/wp-json\/wp\/v2\/pages\/178"}],"collection":[{"href":"https:\/\/edckranj.com\/index.php\/wp-json\/wp\/v2\/pages"}],"about":[{"href":"https:\/\/edckranj.com\/index.php\/wp-json\/wp\/v2\/types\/page"}],"author":[{"embeddable":true,"href":"https:\/\/edckranj.com\/index.php\/wp-json\/wp\/v2\/users\/1"}],"replies":[{"embeddable":true,"href":"https:\/\/edckranj.com\/index.php\/wp-json\/wp\/v2\/comments?post=178"}],"version-history":[{"count":10,"href":"https:\/\/edckranj.com\/index.php\/wp-json\/wp\/v2\/pages\/178\/revisions"}],"predecessor-version":[{"id":1493,"href":"https:\/\/edckranj.com\/index.php\/wp-json\/wp\/v2\/pages\/178\/revisions\/1493"}],"up":[{"embeddable":true,"href":"https:\/\/edckranj.com\/index.php\/wp-json\/wp\/v2\/pages\/153"}],"wp:attachment":[{"href":"https:\/\/edckranj.com\/index.php\/wp-json\/wp\/v2\/media?parent=178"}],"curies":[{"name":"wp","href":"https:\/\/api.w.org\/{rel}","templated":true}]}}