{"id":180,"date":"2016-09-22T11:32:37","date_gmt":"2016-09-22T11:32:37","guid":{"rendered":"http:\/\/dev1.nanostudio.eu\/edc\/?page_id=180"},"modified":"2023-10-03T17:35:26","modified_gmt":"2023-10-03T15:35:26","slug":"varstvo-okolja-in-komunala","status":"publish","type":"page","link":"https:\/\/edckranj.com\/index.php\/vss-izobrazevalni-programi\/varstvo-okolja-in-komunala\/","title":{"rendered":"Varstvo okolja in komunala"},"content":{"rendered":"<p>\u0160tudij je ovrednoten s 120 KT.<\/p>\n<p><strong>Strokovni naziv: in\u017eenir\/ka varstva okolja in komunale<\/strong><\/p>\n<p>Prenovljeni program VARSTVA OKOLJA IN KOMUNALE omogo\u010da pridobivanje znanja \u0161ir\u0161ega podro\u010dja v obveznem in izbirnem delu programa skozi predavanja in prakti\u010dnih ekskurzij ter obveznega prakti\u010dnega izobra\u017eevanja na koncu vsakega \u0161tudijskega leta.<\/p>\n<h2>Vpisni pogoji<\/h2>\n<p>Kon\u010dan 4-letni srednje\u0161olski program z opravljenim zaklju\u010dnim izpitom ali poklicno maturo\/splo\u0161no maturo.<\/p>\n<p>Pomembna novost v vi\u0161je\u0161olskem programu je ve\u010dja ponudba izbirnih modulov, kar omogo\u010da prilagajanje izobra\u017eevanja potrebam okolja, ter \u0161olanje na daljavo.<\/p>\n<ul>\n<li>\u0160tudij traja dve leti. Sledi izdelava in zagovor diplomske naloge.<\/li>\n<li>\u0160tudijski program je ovrednoten s 120 kreditni to\u010dkami po sistemu ECTS.<\/li>\n<li>Predavanja so organizirana dvakrat tedensko po pet \u0161olskih ur v popoldanskem \u010dasu, od ponedeljka do petka, in potekajo v strnjeni obliki.<br \/>\nPo zaklju\u010dku predavanj posameznega predmeta sledi izpit.<\/li>\n<li>Za vsak predmet EDC Vi\u0161ja strokovna \u0161ola priskrbi skripto.<\/li>\n<li>Prakti\u010dno izobra\u017eevanje si lahko izberete sami, oziroma se dogovorite s \u0161olo in na\u0161imi poslovnimi partnerji.<\/li>\n<li>\u010ce ima \u0161tudent ve\u010d kot dve leti ustreznih prakti\u010dnih izku\u0161enj, je opro\u0161\u010den izvedbe prakti\u010dnega izobra\u017eevanja.<\/li>\n<li>V drugi letnik se \u0161tudent vpi\u0161e, ko je uspe\u0161no opravil obveznosti 1. letnika in ima v celoti poravnano \u0161olnino za 1. letnik ter vpisnino in \u0161olnino za 2. letnik.<\/li>\n<li>\u0160tudij lahko nadaljuje po ve\u010d mo\u017enih izbirnih modulov v programu varstvo okolja in komunala oziroma dveh izbirnih modulih v programu gradbeni\u0161tvo.<\/li>\n<li>\u0160tudij se zaklju\u010di z zagovorom diplomske naloge. Pred tem morate imeti opravljene vse \u0161tudijske in finan\u010dne obveznosti.<\/li>\n<li><strong>\u0160olnina<\/strong>: Ob vpisu se poravna <strong>vpisnina <\/strong>500,00 \u20ac. in \u0161olnino za letnik v vi\u0161ini 2.000,00 \u20ac. Mo\u017eno je \u0161olnino poravnati v 5-mese\u010dnih obrokih po 400,00 \u20ac. Diplomsko delo zna\u0161a 500,00\u20ac.<\/li>\n<\/ul>\n<hr \/>\n<h2>Predmetnik<\/h2>\n<table border=\"0\" cellspacing=\"0\" cellpadding=\"0\">\n<tbody>\n<tr>\n<td valign=\"top\">\u0160t.<\/td>\n<td valign=\"top\">Ime modula\/predmeta\/druge sestavine<\/td>\n<td valign=\"top\">Obvezno \/ izbirno<\/td>\n<td valign=\"top\">Letnik<\/td>\n<td valign=\"top\">Kreditne to\u010dke<\/td>\n<\/tr>\n<tr>\n<td valign=\"top\"><strong>M1<\/strong><\/td>\n<td valign=\"top\"><strong>KOMUNIKACIJA<\/strong><\/td>\n<td valign=\"top\"><strong>obvezno<\/strong><\/td>\n<td valign=\"top\"><strong>1<\/strong><\/td>\n<td valign=\"top\"><strong>20<\/strong><\/td>\n<\/tr>\n<tr>\n<td valign=\"top\">P1<\/td>\n<td valign=\"top\">Poslovno sporazumevanje in vodenje (PSV)<\/td>\n<td valign=\"top\">obvezno<\/td>\n<td valign=\"top\">1<\/td>\n<td valign=\"top\">6<\/td>\n<\/tr>\n<tr>\n<td valign=\"top\">P2<\/td>\n<td valign=\"top\">Strokovna terminologija v tujem jeziku (STJ)<\/td>\n<td valign=\"top\">obvezno<\/td>\n<td valign=\"top\">1<\/td>\n<td valign=\"top\">5<\/td>\n<\/tr>\n<tr>\n<td valign=\"top\">P3<\/td>\n<td valign=\"top\">Ra\u010dunalni\u0161tvo in informatika (RAI)<\/td>\n<td valign=\"top\">obvezno<\/td>\n<td valign=\"top\">1<\/td>\n<td valign=\"top\">6<\/td>\n<\/tr>\n<tr>\n<td valign=\"top\">D1<\/td>\n<td valign=\"top\">Prakti\u010dno izobra\u017eevanje 1K (PRI 1K)<\/td>\n<td valign=\"top\">obvezno<\/td>\n<td valign=\"top\">1<\/td>\n<td valign=\"top\">3<\/td>\n<\/tr>\n<tr>\n<td valign=\"top\"><strong>M2<\/strong><\/td>\n<td valign=\"top\"><strong>NARAVOSLOVNE OSNOVE<\/strong><\/td>\n<td valign=\"top\"><strong>obvezno<\/strong><\/td>\n<td valign=\"top\"><strong>1<\/strong><\/td>\n<td valign=\"top\"><strong>11<\/strong><\/td>\n<\/tr>\n<tr>\n<td valign=\"top\">P4<\/td>\n<td valign=\"top\">Okoljsko naravoslovje 1 (ONA1)<\/td>\n<td valign=\"top\">obvezno<\/td>\n<td valign=\"top\">1<\/td>\n<td valign=\"top\">4<\/td>\n<\/tr>\n<tr>\n<td valign=\"top\">P5<\/td>\n<td valign=\"top\">Okoljsko naravoslovje 2 (ONA2)<\/td>\n<td valign=\"top\">obvezno<\/td>\n<td valign=\"top\">1<\/td>\n<td valign=\"top\">4<\/td>\n<\/tr>\n<tr>\n<td valign=\"top\">P6<\/td>\n<td valign=\"top\">Tehni\u010dno risanje in dokumentacija (TRD)<\/td>\n<td valign=\"top\">obvezno<\/td>\n<td valign=\"top\">1<\/td>\n<td valign=\"top\">3<\/td>\n<\/tr>\n<tr>\n<td valign=\"top\"><strong>M3<\/strong><\/td>\n<td valign=\"top\"><strong>OKOLJSKI OSKRBOVALNI SISTEMI<\/strong><\/td>\n<td valign=\"top\"><strong>obvezno<\/strong><\/td>\n<td valign=\"top\"><strong>1<\/strong><\/td>\n<td valign=\"top\"><strong>29<\/strong><\/td>\n<\/tr>\n<tr>\n<td valign=\"top\">P7<\/td>\n<td valign=\"top\">Oskrba z vodo (VOD)<\/td>\n<td valign=\"top\">obvezno<\/td>\n<td valign=\"top\">1<\/td>\n<td valign=\"top\">6<\/td>\n<\/tr>\n<tr>\n<td valign=\"top\">P8<\/td>\n<td valign=\"top\">Odvajanje in \u010di\u0161\u010denje odpadne vode (O\u010cV)<\/td>\n<td valign=\"top\">obvezno<\/td>\n<td valign=\"top\">1<\/td>\n<td valign=\"top\">6<\/td>\n<\/tr>\n<tr>\n<td valign=\"top\">P9<\/td>\n<td valign=\"top\">Gospodarjenje z odpadki (GOD)<\/td>\n<td valign=\"top\">obvezno<\/td>\n<td valign=\"top\">1<\/td>\n<td valign=\"top\">7<\/td>\n<\/tr>\n<tr>\n<td valign=\"top\">D2<\/td>\n<td valign=\"top\">Prakti\u010dno izobra\u017eevanje 1S (PRI 1S)<\/td>\n<td valign=\"top\">obvezno<\/td>\n<td valign=\"top\">1<\/td>\n<td valign=\"top\">10<\/td>\n<\/tr>\n<tr>\n<td valign=\"top\"><strong>M4<\/strong><\/td>\n<td valign=\"top\"><strong>ZAKONODAJA IN EKONOMIKA<\/strong><\/td>\n<td valign=\"top\"><strong>obvezno<\/strong><\/td>\n<td valign=\"top\"><strong>2<\/strong><\/td>\n<td valign=\"top\"><strong>12<\/strong><\/td>\n<\/tr>\n<tr>\n<td valign=\"top\">P10<\/td>\n<td valign=\"top\">Varstvo okolja in zakonodaja (VOZ)<\/td>\n<td valign=\"top\">obvezno<\/td>\n<td valign=\"top\">2<\/td>\n<td valign=\"top\">5<\/td>\n<\/tr>\n<tr>\n<td valign=\"top\">P11<\/td>\n<td valign=\"top\">Okoljske dajatve in financiranje (ODF)*<\/td>\n<td valign=\"top\">izbirno*<\/td>\n<td valign=\"top\">2<\/td>\n<td valign=\"top\">5<\/td>\n<\/tr>\n<tr>\n<td valign=\"top\">P12<\/td>\n<td valign=\"top\">Ekonomika podjetja in podjetni\u0161tvo (EPP)*<\/td>\n<td valign=\"top\">izbirno*<\/td>\n<td valign=\"top\">2<\/td>\n<td valign=\"top\">5<\/td>\n<\/tr>\n<tr>\n<td valign=\"top\">D3<\/td>\n<td valign=\"top\">Prakti\u010dno izobra\u017eevanje 2Z (PRI 2Z)<\/td>\n<td valign=\"top\">obvezno<\/td>\n<td valign=\"top\">2<\/td>\n<td valign=\"top\">2<\/td>\n<\/tr>\n<tr>\n<td valign=\"top\"><strong>M5<\/strong><\/td>\n<td valign=\"top\"><strong>UREJANJE PROSTORA IN JAVNE SLU\u017dBE<\/strong><\/td>\n<td valign=\"top\"><strong>izbirno<\/strong><\/td>\n<td valign=\"top\"><strong>2<\/strong><\/td>\n<td valign=\"top\"><strong>18<\/strong><\/td>\n<\/tr>\n<tr>\n<td valign=\"top\">P13<\/td>\n<td valign=\"top\">Urbanizem (URB)<\/td>\n<td valign=\"top\">obvezno<\/td>\n<td valign=\"top\">2<\/td>\n<td valign=\"top\">5<\/td>\n<\/tr>\n<tr>\n<td valign=\"top\">P14<\/td>\n<td valign=\"top\">Zdravstvena hidrotehnika in sanitarno in\u017eenirstvo (ZHS)<\/td>\n<td valign=\"top\">obvezno<\/td>\n<td valign=\"top\">2<\/td>\n<td valign=\"top\">3<\/td>\n<\/tr>\n<tr>\n<td valign=\"top\">P15<\/td>\n<td valign=\"top\">Komunalna energetika (KOE)<\/td>\n<td valign=\"top\">obvezno<\/td>\n<td valign=\"top\">2<\/td>\n<td valign=\"top\">4<\/td>\n<\/tr>\n<tr>\n<td valign=\"top\">D4<\/td>\n<td valign=\"top\">Prakti\u010dno izobra\u017eevanje 2U (PRI 2U)<\/td>\n<td valign=\"top\">obvezno<\/td>\n<td valign=\"top\"><\/td>\n<td valign=\"top\">6<\/td>\n<\/tr>\n<tr>\n<td valign=\"top\"><strong>M6<\/strong><\/td>\n<td valign=\"top\"><strong>KOMUNALNA INFRASTRUKTURA<\/strong><\/td>\n<td valign=\"top\"><strong>izbirno<\/strong><\/td>\n<td valign=\"top\"><strong>2<\/strong><\/td>\n<td valign=\"top\"><strong>20<\/strong><\/td>\n<\/tr>\n<tr>\n<td valign=\"top\">P16<\/td>\n<td valign=\"top\">Prometne in zelene povr\u0161ine (PZP)**<\/td>\n<td valign=\"top\">izbirno**<\/td>\n<td valign=\"top\">2<\/td>\n<td valign=\"top\">5<\/td>\n<\/tr>\n<tr>\n<td valign=\"top\">P17<\/td>\n<td valign=\"top\">Zimska slu\u017eba (ZIM)**<\/td>\n<td valign=\"top\">izbirno**<\/td>\n<td valign=\"top\">2<\/td>\n<td valign=\"top\">5<\/td>\n<\/tr>\n<tr>\n<td valign=\"top\">P18<\/td>\n<td valign=\"top\">Urejanje pode\u017eelja in varstvo narave (PVN)**<\/td>\n<td valign=\"top\">izbirno**<\/td>\n<td valign=\"top\">2<\/td>\n<td valign=\"top\">5<\/td>\n<\/tr>\n<tr>\n<td valign=\"top\">P19<\/td>\n<td valign=\"top\">Toplogredni plini (TGP)**<\/td>\n<td valign=\"top\">izbirno**<\/td>\n<td valign=\"top\">2<\/td>\n<td valign=\"top\">5<\/td>\n<\/tr>\n<tr>\n<td valign=\"top\">P20<\/td>\n<td valign=\"top\">Sanacija starih bremen in naravnih nesre\u010d (SAN)**<\/td>\n<td valign=\"top\">izbirno**<\/td>\n<td valign=\"top\">2<\/td>\n<td valign=\"top\">5<\/td>\n<\/tr>\n<tr>\n<td valign=\"top\">P21<\/td>\n<td valign=\"top\">Izbrana poglavja iz ravnanja z odpadki (IOD)**<\/td>\n<td valign=\"top\">izbirno**<\/td>\n<td valign=\"top\">2<\/td>\n<td valign=\"top\">5<\/td>\n<\/tr>\n<tr>\n<td valign=\"top\">D5<\/td>\n<td valign=\"top\">Prakti\u010dno izobra\u017eevanje 2J (PRI 2J)<\/td>\n<td valign=\"top\">obvezno<\/td>\n<td valign=\"top\">2<\/td>\n<td valign=\"top\">5<\/td>\n<\/tr>\n<tr>\n<td valign=\"top\"><strong>M7<\/strong><\/td>\n<td valign=\"top\"><strong>INDUSTRIJSKO ONEZNA\u017dEVANJE<\/strong><\/td>\n<td valign=\"top\"><strong>izbirno<\/strong><\/td>\n<td valign=\"top\"><strong>2<\/strong><\/td>\n<td valign=\"top\"><strong>18<\/strong><\/td>\n<\/tr>\n<tr>\n<td valign=\"top\">P22<\/td>\n<td valign=\"top\">Energija v proizvodnji (ENE)<\/td>\n<td valign=\"top\">obvezno<\/td>\n<td valign=\"top\">2<\/td>\n<td valign=\"top\">4<\/td>\n<\/tr>\n<tr>\n<td valign=\"top\">P23<\/td>\n<td valign=\"top\">Varstvo zraka (VAZ)<\/td>\n<td valign=\"top\">obvezno<\/td>\n<td valign=\"top\">2<\/td>\n<td valign=\"top\">4<\/td>\n<\/tr>\n<tr>\n<td valign=\"top\">P24<\/td>\n<td valign=\"top\">Po\u017earna, procesna in tehnolo\u0161ka voda (PPT)<\/td>\n<td valign=\"top\">obvezno<\/td>\n<td valign=\"top\">2<\/td>\n<td valign=\"top\">4<\/td>\n<\/tr>\n<tr>\n<td valign=\"top\">D6<\/td>\n<td valign=\"top\">Prakti\u010dno izobra\u017eevanje 2I (PRI 2I)<\/td>\n<td valign=\"top\">obvezno<\/td>\n<td valign=\"top\">2<\/td>\n<td valign=\"top\">6<\/td>\n<\/tr>\n<tr>\n<td valign=\"top\"><strong>M8<\/strong><\/td>\n<td valign=\"top\"><strong>VARSTVO OKOLJA V PROIZVODNJI<\/strong><\/td>\n<td valign=\"top\"><strong>izbirno<\/strong><\/td>\n<td valign=\"top\"><\/td>\n<td valign=\"top\"><strong>20<\/strong><\/td>\n<\/tr>\n<tr>\n<td valign=\"top\">P19<\/td>\n<td valign=\"top\">Toplogredni plini (TGP)**<\/td>\n<td valign=\"top\">izbirno**<\/td>\n<td valign=\"top\">2<\/td>\n<td valign=\"top\">5<\/td>\n<\/tr>\n<tr>\n<td valign=\"top\">P20<\/td>\n<td valign=\"top\">Sanacija starih bremen in naravnih nesre\u010d (SAN)**<\/td>\n<td valign=\"top\">izbirno**<\/td>\n<td valign=\"top\">2<\/td>\n<td valign=\"top\">5<\/td>\n<\/tr>\n<tr>\n<td valign=\"top\">P21<\/td>\n<td valign=\"top\">Izbrana poglavja iz ravnanja z odpadki (IOD)**<\/td>\n<td valign=\"top\">izbirno**<\/td>\n<td valign=\"top\">2<\/td>\n<td valign=\"top\">5<\/td>\n<\/tr>\n<tr>\n<td valign=\"top\">P25<\/td>\n<td valign=\"top\">\u010ci\u0161\u010denje industrijskih odpadnih voda (\u010cIV)**<\/td>\n<td valign=\"top\">izbirno**<\/td>\n<td valign=\"top\">2<\/td>\n<td valign=\"top\">5<\/td>\n<\/tr>\n<tr>\n<td valign=\"top\">P26<\/td>\n<td valign=\"top\">Hrup (HRP)**<\/td>\n<td valign=\"top\">izbirno**<\/td>\n<td valign=\"top\">2<\/td>\n<td valign=\"top\">5<\/td>\n<\/tr>\n<tr>\n<td valign=\"top\">P27<\/td>\n<td valign=\"top\">Nevarne snovi v proizvodnji (NSP)**<\/td>\n<td valign=\"top\">izbirno**<\/td>\n<td valign=\"top\">2<\/td>\n<td valign=\"top\">5<\/td>\n<\/tr>\n<tr>\n<td valign=\"top\">D7<\/td>\n<td valign=\"top\">Prakti\u010dno izobra\u017eevanje 2P (PRI 2P)<\/td>\n<td valign=\"top\">obvezno<\/td>\n<td valign=\"top\"><\/td>\n<td valign=\"top\">5<\/td>\n<\/tr>\n<tr>\n<td valign=\"top\"><\/td>\n<td valign=\"top\"><strong>prosto izbirni predmet<\/strong><\/td>\n<td valign=\"top\"><strong>obvezno<\/strong><\/td>\n<td valign=\"top\"><\/td>\n<td valign=\"top\">5<\/td>\n<\/tr>\n<tr>\n<td valign=\"top\"><strong>D8<\/strong><\/td>\n<td valign=\"top\"><strong>diplomsko delo<\/strong><\/td>\n<td valign=\"top\"><strong>obvezno<\/strong><\/td>\n<td valign=\"top\"><\/td>\n<td valign=\"top\">5 ***<\/td>\n<\/tr>\n<\/tbody>\n<\/table>\n<p>* izbere se eden od obeh predmetov<br \/>\n** izberejo se trije od \u0161estih predmetov<br \/>\n*** \u0161tudent\/\u0161tudentka dodatnih 5 KT dose\u017ee v okviru prakti\u010dnega izobra\u017eevanja<\/p>\n<h3>Izbirni moduli:<\/h3>\n<ul>\n<li>urejanje prostora in javne slu\u017ebe<\/li>\n<li>komunalna infrastruktura<\/li>\n<\/ul>\n<p>ali<\/p>\n<ul>\n<li>industrijsko onesna\u017eevanje<\/li>\n<li>varstvo okolja v proizvodnji<\/li>\n<\/ul>\n","protected":false},"excerpt":{"rendered":"<p>\u0160tudij je ovrednoten s 120 KT. Strokovni naziv: in\u017eenir\/ka varstva okolja in komunale Prenovljeni program VARSTVA OKOLJA IN KOMUNALE omogo\u010da pridobivanje znanja \u0161ir\u0161ega podro\u010dja v obveznem in izbirnem delu programa skozi predavanja in prakti\u010dnih ekskurzij ter obveznega prakti\u010dnega izobra\u017eevanja na koncu vsakega \u0161tudijskega leta. Vpisni pogoji Kon\u010dan 4-letni srednje\u0161olski program[&#8230;]<\/p>\n","protected":false},"author":1,"featured_media":0,"parent":153,"menu_order":0,"comment_status":"closed","ping_status":"closed","template":"","meta":{"footnotes":""},"_links":{"self":[{"href":"https:\/\/edckranj.com\/index.php\/wp-json\/wp\/v2\/pages\/180"}],"collection":[{"href":"https:\/\/edckranj.com\/index.php\/wp-json\/wp\/v2\/pages"}],"about":[{"href":"https:\/\/edckranj.com\/index.php\/wp-json\/wp\/v2\/types\/page"}],"author":[{"embeddable":true,"href":"https:\/\/edckranj.com\/index.php\/wp-json\/wp\/v2\/users\/1"}],"replies":[{"embeddable":true,"href":"https:\/\/edckranj.com\/index.php\/wp-json\/wp\/v2\/comments?post=180"}],"version-history":[{"count":12,"href":"https:\/\/edckranj.com\/index.php\/wp-json\/wp\/v2\/pages\/180\/revisions"}],"predecessor-version":[{"id":1494,"href":"https:\/\/edckranj.com\/index.php\/wp-json\/wp\/v2\/pages\/180\/revisions\/1494"}],"up":[{"embeddable":true,"href":"https:\/\/edckranj.com\/index.php\/wp-json\/wp\/v2\/pages\/153"}],"wp:attachment":[{"href":"https:\/\/edckranj.com\/index.php\/wp-json\/wp\/v2\/media?parent=180"}],"curies":[{"name":"wp","href":"https:\/\/api.w.org\/{rel}","templated":true}]}}