{"id":182,"date":"2016-09-22T11:32:50","date_gmt":"2016-09-22T11:32:50","guid":{"rendered":"http:\/\/dev1.nanostudio.eu\/edc\/?page_id=182"},"modified":"2023-08-02T15:11:08","modified_gmt":"2023-08-02T13:11:08","slug":"vpis","status":"publish","type":"page","link":"https:\/\/edckranj.com\/index.php\/vss-izobrazevalni-programi\/vpis\/","title":{"rendered":"Vpis"},"content":{"rendered":"<p><span style=\"font-size: 24pt;\"><strong>INFORMATIVNI DAN<\/strong> <\/span><\/p>\n<p>Vabimo vas, da se nam pridru\u017eite na informativnem dnevu :<\/p>\n<p>v petek, 16.2.2024, ob 17.00 in<\/p>\n<p>soboto 17.2.2024, ob 11.00.<\/p>\n<p>Lepo pozdravljeni!<\/p>\n<h2><strong>VABILO NA VPIS:<\/strong><\/h2>\n<p><span style=\"font-size: 18pt;\"><strong><span style=\"color: #000000; font-family: Calibri;\">PRVI PRIJAVNI ROK<\/span><\/strong><\/span><\/p>\n<p>Rok za oddajo <strong>Prijave <\/strong>za vpis na vi\u0161jo strokovno \u0161olo je od <strong>13.februarja<\/strong> do\u00a0<strong>18<\/strong>.<strong> marca 2023<\/strong>. Elektronski prijavni obrazec za vpis dobite na spletni strani Vi\u0161je\u0161olske prijavne slu\u017ebe <a href=\"http:\/\/vps.vss-ce.com\/VPS\/\" target=\"_blank\" rel=\"noopener\">www.vss-ce.com\/vps<\/a>. Izpolnjen prijavni obrazec natisnete s spletne strani, ga podpi\u0161ete ter ga po\u0161ljete s priporo\u010deno po\u0161iljko Vi\u0161je\u0161olski prijavni slu\u017ebi na naslov:<\/p>\n<p><strong>Vi\u0161je\u0161olska prijavna slu\u017eba<br \/>\n\u0160olski center Celje<br \/>\nPot na Lavo 22<br \/>\n3000 Celje.<\/strong><\/p>\n<p>ali skeniranega na e-naslov: prijava.vps@sc-celje.si<\/p>\n<p>O izidu izbirnega postopka boste obve\u0161\u010deni najpozneje do 21. julija 2023. Oddati smete samo eno prijavo. Vpis kandidatov, ki bodo izbrani na podlagi Prijave za vpis, se opravi do 25. avgusta 2023.<\/p>\n<p><strong>Vpis sprejetih s prvo prijavo bo potekal do 25.8.2023 na Vi\u0161ji strokovni \u0161oli EDC Kranj.<\/strong><\/p>\n<p>\u010ce boste opravljali splo\u0161no maturo, poklicno maturo ali preizkus znanja v \u0161olskem letu, v katerem se prijavljate na razpis, ali ste jih opravljali <strong>po juniju 2003<\/strong>, dokazil o izpolnjevanju vpisnih pogojev ni treba po\u0161iljati.<\/p>\n<p>Dokazila o izpolnjevanju vpisnih pogojev morajo biti overjena.<\/p>\n<p>\u010ce ste srednjo \u0161olo kon\u010dali z maturo pred junijem 2003 oziroma diplomo ali zaklju\u010dnim izpitom ali imate opravljeni delovodski, poslovodski ali mojstrski izpit, morate dokazila o izpolnjevanju vpisnih pogojev prilo\u017eiti k prijavi, in sicer:<\/p>\n<ul>\n<li>spri\u010devalo o zaklju\u010dnem izpitu ali maturitetno spri\u010devalo ali diplomo (skupaj z obvestilom o uspehu) ter spri\u010devali tretjega in \u010detrtega oziroma zadnjih dveh letnikov<\/li>\n<\/ul>\n<p>oziroma,<\/p>\n<ul>\n<li>spri\u010devalo o mojstrskem, delovodskem ali poslovodskem izpitu skupaj s potrdili o opravljenih vseh \u0161tirih izpitnih enotah, potrdilo o preizkusu znanja, \u010de ste ga opravili pred junijem 2002 ter dokazilo o treh letih delovnih izku\u0161enj<\/li>\n<\/ul>\n<p>oziroma,<\/p>\n<ul>\n<li>spri\u010devalo o zaklju\u010dku izobra\u017eevanja, spri\u010devali zadnjih dveh letnikov oziroma dokazila o opravljenem mojstrskem, delovodskem ali poslovodskem izpitu skupaj z overjenimi prevodi v sloven\u0161\u010dino, \u010de ste kon\u010dali srednjo \u0161olo v tujini.<\/li>\n<\/ul>\n<p><strong>PROSTA VPISNA MESTA<\/strong><\/p>\n<table style=\"height: 144px; width: 100%;\" width=\"251\">\n<tbody>\n<tr style=\"height: 24px;\">\n<td style=\"width: 113.74px; height: 72px;\" rowspan=\"3\"><\/td>\n<td style=\"width: 121.26px; height: 24px;\" colspan=\"4\"><\/td>\n<\/tr>\n<tr style=\"height: 24px;\">\n<td style=\"width: 57.63px; height: 24px;\" colspan=\"2\"><\/td>\n<td style=\"width: 57.63px; height: 24px;\" colspan=\"2\"><\/td>\n<\/tr>\n<tr style=\"height: 24px;\">\n<td style=\"width: 25.24px; height: 24px;\"><\/td>\n<td style=\"width: 26.39px; height: 24px;\"><\/td>\n<td style=\"width: 25.24px; height: 24px;\"><\/td>\n<td style=\"width: 26.39px; height: 24px;\"><\/td>\n<\/tr>\n<tr style=\"height: 24px;\">\n<td style=\"width: 113.74px; height: 24px;\">gradbeni\u0161tvo<\/td>\n<td style=\"width: 25.24px; height: 24px;\"><\/td>\n<td style=\"width: 26.39px; height: 24px;\">30<\/td>\n<td style=\"width: 25.24px; height: 24px;\"><\/td>\n<td style=\"width: 26.39px; height: 24px;\">5<\/td>\n<\/tr>\n<tr style=\"height: 24px;\">\n<td style=\"width: 113.74px; height: 24px;\">varstvo okolja in komunala<\/td>\n<td style=\"width: 25.24px; height: 24px;\"><\/td>\n<td style=\"width: 26.39px; height: 24px;\">30<\/td>\n<td style=\"width: 25.24px; height: 24px;\"><\/td>\n<td style=\"width: 26.39px; height: 24px;\">5<\/td>\n<\/tr>\n<tr style=\"height: 24px;\">\n<td style=\"width: 113.74px; height: 24px;\"><\/td>\n<td style=\"width: 25.24px; height: 24px;\"><\/td>\n<td style=\"width: 26.39px; height: 24px;\"><\/td>\n<td style=\"width: 25.24px; height: 24px;\"><\/td>\n<td style=\"width: 26.39px; height: 24px;\"><\/td>\n<\/tr>\n<\/tbody>\n<\/table>\n<p><span style=\"font-size: 18pt;\"><strong>DRUGI PRIJAVNI ROK<\/strong><\/span><\/p>\n<p>Kandidati za vpis v vi\u0161jo strokovno \u0161olo se na prosta mesta lahko prijavite od <strong>25. avgusta do 31. avgusta 2023<\/strong>\u00a0z elektronskim prijavnim obrazcem na spletni strani Vi\u0161je\u0161olske prijavne slu\u017ebe <a href=\"http:\/\/vps.vss-ce.com\/VPS\/\" target=\"_blank\" rel=\"noopener\">www.vss-ce.com\/vps<\/a>. Prosta vpisna mesta bodo objavljena 24. avgusta 2023 na spletni strani http:\/\/www.vss-ce.com\/vps.<\/p>\n<p>Izpolnjen prijavni obrazec natisnete s spletne strani in ga po\u0161ljite s priporo\u010deno po\u0161iljko Vi\u0161je\u0161olski prijavni slu\u017ebi, na naslov:<\/p>\n<p><strong>Vi\u0161je\u0161olska prijavna slu\u017eba<\/strong><br \/>\n<strong>\u0160olski center Celje<\/strong><br \/>\n<strong>Pot na Lavo 22<\/strong><br \/>\n<strong>3000 Celje<\/strong><\/p>\n<p><strong>Oddati smete samo eno prijavo.<\/strong><\/p>\n<table style=\"width: 368px; height: 128px;\" width=\"666\">\n<tbody>\n<tr style=\"height: 24px;\">\n<td style=\"width: 201.578px; height: 70px;\" rowspan=\"3\"><\/td>\n<td style=\"width: 150.422px; height: 24px; text-align: center;\" colspan=\"4\"><\/td>\n<\/tr>\n<tr style=\"height: 24px;\">\n<td style=\"width: 92.25px; height: 24px;\" colspan=\"2\"><\/td>\n<td style=\"width: 52.1719px; height: 24px;\" colspan=\"2\"><\/td>\n<\/tr>\n<tr style=\"height: 22px;\">\n<td style=\"width: 38.1094px; height: 22px;\"><\/td>\n<td style=\"width: 48.1406px; height: 22px;\"><\/td>\n<td style=\"width: 37.1094px; height: 22px;\"><\/td>\n<td style=\"width: 9.0625px; height: 22px;\"><\/td>\n<\/tr>\n<tr style=\"height: 24px;\">\n<td style=\"width: 201.578px; height: 24px;\"><\/td>\n<td style=\"width: 38.1094px; height: 24px;\"><\/td>\n<td style=\"width: 48.1406px; height: 24px;\"><\/td>\n<td style=\"width: 37.1094px; height: 24px;\"><\/td>\n<td style=\"width: 9.0625px; height: 24px;\"><\/td>\n<\/tr>\n<tr style=\"height: 24px;\">\n<td style=\"width: 201.578px; height: 24px;\"><\/td>\n<td style=\"width: 38.1094px; height: 24px;\"><\/td>\n<td style=\"width: 48.1406px; height: 24px;\"><\/td>\n<td style=\"width: 37.1094px; height: 24px;\"><\/td>\n<td style=\"width: 9.0625px; height: 24px;\"><\/td>\n<\/tr>\n<tr style=\"height: 10px;\">\n<td style=\"width: 201.578px; height: 10px;\"><\/td>\n<td style=\"width: 38.1094px; height: 10px;\"><\/td>\n<td style=\"width: 48.1406px; height: 10px;\"><\/td>\n<td style=\"width: 37.1094px; height: 10px;\"><\/td>\n<td style=\"width: 9.0625px; height: 10px;\"><\/td>\n<\/tr>\n<\/tbody>\n<\/table>\n<p>Vi\u0161je\u0161olska prijavna slu\u017eba bo do 31. septembra 2023 kandidate, ki so se za vpis prijavili z drugo prijavo, pisno seznanila z izidom izbirnega postopka.<\/p>\n<p>Na \u0161e prosta vpisna mesta za izredni \u0161tudij se lahko po drugem prijavnem roku vpi\u0161ete neposredno na \u0161oli VS\u0160 EDC Kranj do za\u010detka \u0161tudijskega leta.<\/p>\n<p>Pri vpisu je potrebno na vpogled predlo\u017eiti original zaklju\u010dnega spri\u010devala srednje \u0161ole (\u0161tiriletne ali program 3+2) ali dokazila o opravljenem poslovodskem\/delovodskem\/mojstrskem izpitu in preizkusu znanja iz sloven\u0161\u010dine in matematike ali tujega jezika (vpisni pogoji) ter poravnati vpisnino 500,00 \u20ac in \u0161olnina za \u0161olsko leto oz. obrok \u0161olnine 250,00 \u20ac.\u00a0 Prinesti morate \u0161e dve svoji fotografiji.\u00a0 \u0160olnino po obrokih je mo\u017eno poravnati v 8 mese\u010dnih obrokih po 250,00 \u20ac.<\/p>\n<p><strong>Vpis sprejetih z 2. prijavo bo potekal, do 30. septembra 2023<\/strong>.<\/p>\n<p align=\"LEFT\">Na \u0161e prosta vpisna mesta za izredni \u0161tudij se lahko po drugem prijavnem roku vpi\u0161ete neposredno na vi\u0161jo \u0161olo<span style=\"font-family: Calibri;\">\u00a0<\/span><b><span style=\"font-family: Calibri-Bold;\">do 30. septembra 2023.<\/span><\/b><\/p>\n","protected":false},"excerpt":{"rendered":"<p>INFORMATIVNI DAN Vabimo vas, da se nam pridru\u017eite na informativnem dnevu : v petek, 16.2.2024, ob 17.00 in soboto 17.2.2024, ob 11.00. Lepo pozdravljeni! VABILO NA VPIS: PRVI PRIJAVNI ROK Rok za oddajo Prijave za vpis na vi\u0161jo strokovno \u0161olo je od 13.februarja do\u00a018. marca 2023. Elektronski prijavni obrazec za[&#8230;]<\/p>\n","protected":false},"author":1,"featured_media":0,"parent":153,"menu_order":0,"comment_status":"closed","ping_status":"closed","template":"","meta":{"footnotes":""},"_links":{"self":[{"href":"https:\/\/edckranj.com\/index.php\/wp-json\/wp\/v2\/pages\/182"}],"collection":[{"href":"https:\/\/edckranj.com\/index.php\/wp-json\/wp\/v2\/pages"}],"about":[{"href":"https:\/\/edckranj.com\/index.php\/wp-json\/wp\/v2\/types\/page"}],"author":[{"embeddable":true,"href":"https:\/\/edckranj.com\/index.php\/wp-json\/wp\/v2\/users\/1"}],"replies":[{"embeddable":true,"href":"https:\/\/edckranj.com\/index.php\/wp-json\/wp\/v2\/comments?post=182"}],"version-history":[{"count":79,"href":"https:\/\/edckranj.com\/index.php\/wp-json\/wp\/v2\/pages\/182\/revisions"}],"predecessor-version":[{"id":1482,"href":"https:\/\/edckranj.com\/index.php\/wp-json\/wp\/v2\/pages\/182\/revisions\/1482"}],"up":[{"embeddable":true,"href":"https:\/\/edckranj.com\/index.php\/wp-json\/wp\/v2\/pages\/153"}],"wp:attachment":[{"href":"https:\/\/edckranj.com\/index.php\/wp-json\/wp\/v2\/media?parent=182"}],"curies":[{"name":"wp","href":"https:\/\/api.w.org\/{rel}","templated":true}]}}