{"id":184,"date":"2016-09-22T11:33:05","date_gmt":"2016-09-22T11:33:05","guid":{"rendered":"http:\/\/dev1.nanostudio.eu\/edc\/?page_id=184"},"modified":"2022-01-25T13:21:27","modified_gmt":"2022-01-25T12:21:27","slug":"prakticno-izobrazevanje","status":"publish","type":"page","link":"https:\/\/edckranj.com\/index.php\/vss-izobrazevalni-programi\/prakticno-izobrazevanje\/","title":{"rendered":"Prakti\u010dno izobra\u017eevanje"},"content":{"rendered":"<p>Organizator PRI: Du\u0161an Rozman, u.d.i.g..<\/p>\n<p>Povezovanje izobra\u017eevanja in prakti\u010dnega usposabljanja z delom je eno izmed pomembnej\u0161ih podro\u010dij sedanjega vi\u0161je\u0161olskega izobra\u017eevanja. Na podlagi kataloga znanj, ki so objavljeni na spletni strani Centra za poklicno izobra\u017eevanje, \u0161tudent pridobi ustrezna prakti\u010dna znanja in je usposobljen za opravljanje dela.<\/p>\n<p>Prakti\u010dno izobra\u017eevanje \u0161tudent opravlja v gospodarskih dru\u017ebah, zavodih, dr\u017eavnih organih ali drugih organizacijah. Pri tem je pomembno, da ima organizacija razvito strokovno podro\u010dje njegove smeri \u0161tudija. \u0160tudenti, ki\u00a0imajo ustrezne delovne izku\u0161nje, so lahko opro\u0161\u010deni opravljanja prakse v organizaciji, \u010de oddajo vlogo za priznavanje prakti\u010dnega izobra\u017eevanja.<\/p>\n<p>Ustreznost delovnih izku\u0161enj ugotavlja \u0161tudijska komisija na osnovi vloge in dokazil (overjena fotokopija delovne knji\u017eice s strani organizacije, v kateri so zaposleni, ali izjave podjetja o opravljanju delovnih nalog), ter nato izda sklep. V primeru, da se \u0161tudentu prakti\u010dno izobra\u017eevanje prizna, izdela le seminarsko nalogo.<\/p>\n<p>Do kon\u010danega 2. letnika opravijo prakti\u010dno izobra\u017eevanje \u0161tudentje, ki nimajo dovolj delovnih izku\u0161enj, in sicer v predpisanem \u0161tevilu ur v organizaciji s svojega izobra\u017eevalnega podro\u010dja. Prakti\u010dno izobra\u017eevanje si lahko \u0161tudent poi\u0161\u010de sam. Obvezno prakti\u010dno izobra\u017eevanje obsega 800 ur (20 tednov) v 1. in 2. letniku. Sklene se tripartitna pogodba. Po kon\u010danem prakti\u010dnem izobra\u017eevanju odda Poro\u010dilo o opravljenem prakti\u010dnem izobra\u017eevanju (Obrazec se dobi v referatu, v spletni u\u010dilnici).<\/p>\n<h2>Navodila za izdelavo seminarske naloge pri prakti\u010dnem izobra\u017eevanju<\/h2>\n<p>Seminarsko nalogo za Prakti\u010dno izobra\u017eevanje \u0161tudent opravlja pri izbranem predavatelju na vi\u0161ji strokovni \u0161oli. \u0160tudent s predavateljem dolo\u010di predlog teme in naslov seminarske naloge preko elektronske po\u0161te ali preko neposrednega stika s predavateljem. Tema seminarske naloge naj se navezuje na dejansko opravljanje prakse ali \u0161tudentovo delovno mesto. Izdelava seminarske naloge velja za vse ne glede na to, ali se prakti\u010dno izobra\u017eevanje prizna. Z izdelavo seminarske naloge se dose\u017eejo cilji, ki so dolo\u010deni s katalogi znanj za Prakti\u010dno izobra\u017eevanje. Dobro izdelana naloga je lahko podlaga za Diplomsko nalogo. Seminarska naloga se opravlja le enkrat v celotnem \u0161tudiju in jo mora \u0161tudent oddati mentorju.<\/p>\n<p>\u0160tudent mora obvezno sporo\u010diti na elektronski naslov: <a href=\"mailto:edc.visja@guest.arnes.si\">edc.visja@guest.arnes.si<\/a> pri katerem mentorju bo opravljal seminarsko nalogo.<\/p>\n<p>Objavljamo povezavo do najve\u010djega slovenskega zaposlitvenega portala\u00a0<a href=\"http:\/\/www.zaposlitve.org\/\">www.zaposlitve.org<\/a>, ki je popolnoma brezpla\u010den tako za iskalce zaposlitve, ki lahko vna\u0161ajo svoje CV-je in tudi za delodajalce. Tudi za iskalce prakti\u010dnega usposabljanja.<\/p>\n<p>&nbsp;<\/p>\n<p>&nbsp;<\/p>\n","protected":false},"excerpt":{"rendered":"<p>Organizator PRI: Du\u0161an Rozman, u.d.i.g.. Povezovanje izobra\u017eevanja in prakti\u010dnega usposabljanja z delom je eno izmed pomembnej\u0161ih podro\u010dij sedanjega vi\u0161je\u0161olskega izobra\u017eevanja. Na podlagi kataloga znanj, ki so objavljeni na spletni strani Centra za poklicno izobra\u017eevanje, \u0161tudent pridobi ustrezna prakti\u010dna znanja in je usposobljen za opravljanje dela. Prakti\u010dno izobra\u017eevanje \u0161tudent opravlja v[&#8230;]<\/p>\n","protected":false},"author":1,"featured_media":0,"parent":153,"menu_order":0,"comment_status":"closed","ping_status":"closed","template":"","meta":{"footnotes":""},"_links":{"self":[{"href":"https:\/\/edckranj.com\/index.php\/wp-json\/wp\/v2\/pages\/184"}],"collection":[{"href":"https:\/\/edckranj.com\/index.php\/wp-json\/wp\/v2\/pages"}],"about":[{"href":"https:\/\/edckranj.com\/index.php\/wp-json\/wp\/v2\/types\/page"}],"author":[{"embeddable":true,"href":"https:\/\/edckranj.com\/index.php\/wp-json\/wp\/v2\/users\/1"}],"replies":[{"embeddable":true,"href":"https:\/\/edckranj.com\/index.php\/wp-json\/wp\/v2\/comments?post=184"}],"version-history":[{"count":7,"href":"https:\/\/edckranj.com\/index.php\/wp-json\/wp\/v2\/pages\/184\/revisions"}],"predecessor-version":[{"id":1433,"href":"https:\/\/edckranj.com\/index.php\/wp-json\/wp\/v2\/pages\/184\/revisions\/1433"}],"up":[{"embeddable":true,"href":"https:\/\/edckranj.com\/index.php\/wp-json\/wp\/v2\/pages\/153"}],"wp:attachment":[{"href":"https:\/\/edckranj.com\/index.php\/wp-json\/wp\/v2\/media?parent=184"}],"curies":[{"name":"wp","href":"https:\/\/api.w.org\/{rel}","templated":true}]}}