{"id":186,"date":"2016-09-22T11:33:19","date_gmt":"2016-09-22T11:33:19","guid":{"rendered":"http:\/\/dev1.nanostudio.eu\/edc\/?page_id=186"},"modified":"2023-10-03T17:33:07","modified_gmt":"2023-10-03T15:33:07","slug":"diplomsko-delo","status":"publish","type":"page","link":"https:\/\/edckranj.com\/index.php\/vss-izobrazevalni-programi\/diplomsko-delo\/","title":{"rendered":"Diplomsko delo"},"content":{"rendered":"<h2>Roki za diplomske izpite v \u0161tudijskem letu 2023\/2024<\/h2>\n<p>21. 12. 2023<\/p>\n<p>15. 3. 2024<\/p>\n<p>13. 6. 2024<\/p>\n<p>19. 9. 2024<\/p>\n<p>Na zagovor se je treba prijaviti\u00a014<strong> dni<\/strong>\u00a0pred datumom zagovora. Prijavite se lahko <strong><a href=\"http:\/\/vsgi.wufoo.com\/forms\/prijavnica\/\">prek spletnega obrazca<\/a><\/strong> ali pa s prijavnico v papirnati obliki, ki jo izpolnite v referatu \u0161ole EDC Kranj.<\/p>\n<p><strong>Indeks,<\/strong> <strong>tri vezane izvode diplomske naloge in en izvod v elektronski obliki<\/strong> (na CD-ju, v pdf obliki) je potrebno oddati 12\u00a0<strong>dni<\/strong> pred diplomskim rokom v referatu \u0161ole v \u010dasu uradnih ur.<\/p>\n<p><a href=\"http:\/\/edckranj.com\/wp-content\/uploads\/2022\/05\/razpisane-teme-diplomskih-nalog-po-mentorjih-_posodobljeno-julij-2014_.pdf\">razpisane-teme-diplomskih-nalog-po-mentorjih-_posodobljeno-julij-2014_<\/a><\/p>\n<hr \/>\n<h2>Navodila za izdelavo diplomske naloge<\/h2>\n<p>Pri pripravi diplomske naloge upo\u0161tevajte <a href=\"http:\/\/edckranj.com\/wp-content\/uploads\/2022\/05\/Enotni_tehnicni_standardi_EDC.doc\">Enotni_tehnicni_standardi_EDC<\/a>. Pomagate si lahko tudi s <a href=\"http:\/\/dev1.nanostudio.eu\/edc\/wp-content\/uploads\/2016\/09\/EDC_dnevnik_prakse-1.doc\" target=\"_blank\" rel=\"noopener\">pripravljeno podlogo v wordu<\/a>, kjer je \u017ee nastavljena naslovnica in glava.<\/p>\n<p>Za diplome na \u0161tudijski smeri gradbeni\u0161tvo je predvidena modra barva platnic, za smer VOK pa zelena. Za vezavo diplome lahko izberete poljubno knjigoveznico.<\/p>\n<hr \/>\n<h3>Kako oblikovati platnico diplomske naloge<\/h3>\n<p>Obliko in barvo platnic morate naro\u010diti v knjigoveznici pri oddaji diplomske naloge v vezavo.<br \/>\nNaslova va\u0161e diplomske naloge na platnici ni.<\/p>\n<p>Vsi elementi na platnici so sredinsko postavljeni. Zgoraj je naziv \u0161ole, na sredi napis &#8220;Diplomska naloga&#8221;. Ime in priimek \u0161tudenta stojita pod napisom, velikost pisave je manj\u0161a kot pri napisu na sredi. Spodaj so navedeni kraj, mesec in leto nastanka diplome (npr. Kranj, september 2011).<\/p>\n<p>Vzorca za programa gradbeni\u0161tvo ter VOK:<\/p>\n<p><img loading=\"lazy\" decoding=\"async\" class=\"alignnone wp-image-242 size-full\" src=\"http:\/\/edckranj.com\/wp-content\/uploads\/2016\/09\/DIPL_naslovnica_gradbenistvo-e1508397759132.jpg\" alt=\"dipl_naslovnica_gradbenistvo\" width=\"180\" height=\"256\" \/><img loading=\"lazy\" decoding=\"async\" class=\"alignnone wp-image-243 size-full\" src=\"http:\/\/edckranj.com\/wp-content\/uploads\/2016\/09\/DIPL_naslovnica_vok.jpg\" alt=\"dipl_naslovnica_vok\" width=\"181\" height=\"256\" \/><\/p>\n<p>Navodila za izdelavo diplomske naloge\u00a0dobite na povezavi: <a href=\"http:\/\/edckranj.com\/wp-content\/uploads\/2016\/11\/Enotni_tehnicni_standardi_EDC.doc\">enotni_tehnicni_standardi_edc<\/a><\/p>\n","protected":false},"excerpt":{"rendered":"<p>Roki za diplomske izpite v \u0161tudijskem letu 2023\/2024 21. 12. 2023 15. 3. 2024 13. 6. 2024 19. 9. 2024 Na zagovor se je treba prijaviti\u00a014 dni\u00a0pred datumom zagovora. Prijavite se lahko prek spletnega obrazca ali pa s prijavnico v papirnati obliki, ki jo izpolnite v referatu \u0161ole EDC Kranj.[&#8230;]<\/p>\n","protected":false},"author":1,"featured_media":0,"parent":153,"menu_order":0,"comment_status":"closed","ping_status":"closed","template":"","meta":{"footnotes":""},"_links":{"self":[{"href":"https:\/\/edckranj.com\/index.php\/wp-json\/wp\/v2\/pages\/186"}],"collection":[{"href":"https:\/\/edckranj.com\/index.php\/wp-json\/wp\/v2\/pages"}],"about":[{"href":"https:\/\/edckranj.com\/index.php\/wp-json\/wp\/v2\/types\/page"}],"author":[{"embeddable":true,"href":"https:\/\/edckranj.com\/index.php\/wp-json\/wp\/v2\/users\/1"}],"replies":[{"embeddable":true,"href":"https:\/\/edckranj.com\/index.php\/wp-json\/wp\/v2\/comments?post=186"}],"version-history":[{"count":38,"href":"https:\/\/edckranj.com\/index.php\/wp-json\/wp\/v2\/pages\/186\/revisions"}],"predecessor-version":[{"id":1491,"href":"https:\/\/edckranj.com\/index.php\/wp-json\/wp\/v2\/pages\/186\/revisions\/1491"}],"up":[{"embeddable":true,"href":"https:\/\/edckranj.com\/index.php\/wp-json\/wp\/v2\/pages\/153"}],"wp:attachment":[{"href":"https:\/\/edckranj.com\/index.php\/wp-json\/wp\/v2\/media?parent=186"}],"curies":[{"name":"wp","href":"https:\/\/api.w.org\/{rel}","templated":true}]}}