{"id":27,"date":"2016-09-08T06:56:45","date_gmt":"2016-09-08T05:56:45","guid":{"rendered":"http:\/\/localhost:8888\/edc\/?page_id=2"},"modified":"2023-10-25T10:14:40","modified_gmt":"2023-10-25T08:14:40","slug":"vzorcna-stran","status":"publish","type":"page","link":"https:\/\/edckranj.com\/index.php\/vzorcna-stran\/","title":{"rendered":"Kontakt"},"content":{"rendered":"<table style=\"width: 45.2394%; height: 85px;\">\n<tbody>\n<tr style=\"height: 75px;\">\n<td style=\"width: 2.6455%; height: 75px;\" colspan=\"2\">\n<h2><span style=\"font-size: 12pt;\">EDC-zavod za strokovno izobra\u017eevanje, Kranj\u00a0<\/span><\/h2>\n<p><strong>SREDNJA \u0160OLA<\/strong><\/p>\n<p>direktor:<br \/>\n<span style=\"font-family: inherit; font-size: inherit;\">Gregor Rakovec, dipl. ing. str.<br \/>\n<\/span>e-mail: info@lastratech.com<br \/>\nmob.\u00a0041 642 631<\/p>\n<p>Transakcijski ra\u010dun:<br \/>\nSI56 0400 1004 9677 278 (NKBM)<\/td>\n<\/tr>\n<\/tbody>\n<\/table>\n<table style=\"height: 165px; width: 100%;\" width=\"299\">\n<tbody>\n<tr style=\"height: 155px;\">\n<td style=\"width: 289px; height: 155px;\" colspan=\"2\"><span style=\"font-size: 14pt;\"><strong>Vi\u0161ja strokovna \u0161ola EDC Kranj<\/strong><br \/>\n<\/span><span style=\"font-size: 14pt;\">Vi\u0161ja strokovna \u0161ola se je preselila na novo lokacijo v Kamnik, Fu\u017einska 10.<\/span><\/p>\n<p>direktor Du\u0161an Rozman, u. d. i. g.<br \/>\ne-mail: edc.visja@guest.arnes.si<br \/>\nmob. 041 625 309<\/td>\n<\/tr>\n<\/tbody>\n<\/table>\n<p><span style=\"font-size: 14pt;\"><strong>ORGANIZATOR TE\u010cAJEV<\/strong><\/span><\/p>\n<p><strong>SPLO\u0160NE INFORMACIJE<\/strong><\/p>\n<p>Darinka Rakovec, u.d.o.<br \/>\nmob. 041 649 787<br \/>\ne-mail: darinka.rakovec@edckranj.si<\/p>\n","protected":false},"excerpt":{"rendered":"<p>EDC-zavod za strokovno izobra\u017eevanje, Kranj\u00a0 SREDNJA \u0160OLA direktor: Gregor Rakovec, dipl. ing. str. e-mail: info@lastratech.com mob.\u00a0041 642 631 Transakcijski ra\u010dun: SI56 0400 1004 9677 278 (NKBM) Vi\u0161ja strokovna \u0161ola EDC Kranj Vi\u0161ja strokovna \u0161ola se je preselila na novo lokacijo v Kamnik, Fu\u017einska 10. direktor Du\u0161an Rozman, u. d. i.[&#8230;]<\/p>\n","protected":false},"author":1,"featured_media":0,"parent":0,"menu_order":0,"comment_status":"closed","ping_status":"open","template":"template-fullwidth.php","meta":{"footnotes":""},"_links":{"self":[{"href":"https:\/\/edckranj.com\/index.php\/wp-json\/wp\/v2\/pages\/27"}],"collection":[{"href":"https:\/\/edckranj.com\/index.php\/wp-json\/wp\/v2\/pages"}],"about":[{"href":"https:\/\/edckranj.com\/index.php\/wp-json\/wp\/v2\/types\/page"}],"author":[{"embeddable":true,"href":"https:\/\/edckranj.com\/index.php\/wp-json\/wp\/v2\/users\/1"}],"replies":[{"embeddable":true,"href":"https:\/\/edckranj.com\/index.php\/wp-json\/wp\/v2\/comments?post=27"}],"version-history":[{"count":179,"href":"https:\/\/edckranj.com\/index.php\/wp-json\/wp\/v2\/pages\/27\/revisions"}],"predecessor-version":[{"id":1518,"href":"https:\/\/edckranj.com\/index.php\/wp-json\/wp\/v2\/pages\/27\/revisions\/1518"}],"wp:attachment":[{"href":"https:\/\/edckranj.com\/index.php\/wp-json\/wp\/v2\/media?parent=27"}],"curies":[{"name":"wp","href":"https:\/\/api.w.org\/{rel}","templated":true}]}}