{"id":31,"date":"2016-09-10T14:52:42","date_gmt":"2016-09-10T14:52:42","guid":{"rendered":"http:\/\/localhost:8888\/edc\/?page_id=29"},"modified":"2016-09-30T10:20:03","modified_gmt":"2016-09-30T10:20:03","slug":"zidar","status":"publish","type":"page","link":"https:\/\/edckranj.com\/index.php\/srednja-sola-izobrazevalni-programi\/zidar\/","title":{"rendered":"Zidar"},"content":{"rendered":"<p>Naziv poklicne izobrazbe: <strong>zidar\/zidarka<\/strong><\/p>\n<h2>Trajanje izobra\u017eevanja<\/h2>\n<ul>\n<li>Izobra\u017eevanje traja dveleti<strong>.<\/strong><\/li>\n<li>Program prekvalifikacije traja eno leto.<\/li>\n<li>Izobra\u017eevalni program je ovrednoten s 180 kreditnimi to\u010dkami (KT).<strong> <\/strong><\/li>\n<\/ul>\n<h2>Vpisni pogoji<\/h2>\n<p>V izobra\u017eevalni program se lahko vpi\u0161e, kdor je uspe\u0161no kon\u010dal:<\/p>\n<ul>\n<li>osnovno\u0161olsko izobra\u017eevanje ali<\/li>\n<li>ni\u017eje poklicno izobra\u017eevanje ali enakovredno izobra\u017eevanje po prej\u0161njih predpisih<\/li>\n<\/ul>\n<h2> Pogoji za dokon\u010danje<\/h2>\n<p>Za dokon\u010danje izobra\u017eevanja in pridobitev izobrazbe mora udele\u017eenec uspe\u0161no opraviti s pozitivnimi ocenami:<\/p>\n<ul>\n<li>splo\u0161noizobra\u017eevalne predmete,<\/li>\n<li>obvezne strokovne module,<\/li>\n<li>izbirne strokovne module,<\/li>\n<li>odprti del kurikula.<\/li>\n<\/ul>\n<p>Poleg tega mora opraviti<\/p>\n<ul>\n<li>obveznosti prakti\u010dnega usposabljanja z delom in<\/li>\n<li>zaklju\u010dni izpit.<\/li>\n<\/ul>\n<h2><strong>Obseg zaklju\u010dnega izpita<\/strong><\/h2>\n<ul>\n<li>pisni in ustni izpit iz sloven\u0161\u010dine,<\/li>\n<li>izdelek oziroma storitev in zagovor.<\/li>\n<\/ul>\n<h2><strong>\u0160olnina<\/strong><\/h2>\n<p>Udele\u017eenec izobra\u017eevanja ob vpisu pla\u010da vpisnino (300,00 \u20ac). Preostalo \u0161olnino je mo\u017eno pla\u010dati v mese\u010dnih obrokih. Zaklju\u010dni izpit po zaklju\u010dku \u0161olanja ni vklju\u010den v ceno \u0161olnine.<\/p>\n<hr \/>\n<h2>PREDMETNIK<\/h2>\n<h3>A \u2013 Splo\u0161noizobra\u017eevalni predmeti<\/h3>\n<p>Sloven\u0161\u010dina<br \/>\nMatematika<br \/>\nTuji jezik<br \/>\nUmetnost<br \/>\nNaravoslovje<br \/>\nDru\u017eboslovje<\/p>\n<h3>B- Strokovni moduli<\/h3>\n<p>Gradbeni\u0161tvo<br \/>\nOsnovna gradbena tehnologija<br \/>\nStrokovno risanje<br \/>\nZidarska dela<br \/>\nIzbirni predmet 1<br \/>\nIzbirni predmet 2<\/p>\n<h3>C \u2013 Prakti\u010dno usposabljanje<\/h3>\n<h3>D \u2013 Odprti del kurikuluma<\/h3>\n<h3>E \u2013 Zaklju\u010dni izpit<\/h3>\n","protected":false},"excerpt":{"rendered":"<p>Naziv poklicne izobrazbe: zidar\/zidarka Trajanje izobra\u017eevanja Izobra\u017eevanje traja dveleti. Program prekvalifikacije traja eno leto. Izobra\u017eevalni program je ovrednoten s 180 kreditnimi to\u010dkami (KT). Vpisni pogoji V izobra\u017eevalni program se lahko vpi\u0161e, kdor je uspe\u0161no kon\u010dal: osnovno\u0161olsko izobra\u017eevanje ali ni\u017eje poklicno izobra\u017eevanje ali enakovredno izobra\u017eevanje po prej\u0161njih predpisih Pogoji za dokon\u010danje[&#8230;]<\/p>\n","protected":false},"author":1,"featured_media":0,"parent":29,"menu_order":0,"comment_status":"closed","ping_status":"closed","template":"","meta":{"footnotes":""},"_links":{"self":[{"href":"https:\/\/edckranj.com\/index.php\/wp-json\/wp\/v2\/pages\/31"}],"collection":[{"href":"https:\/\/edckranj.com\/index.php\/wp-json\/wp\/v2\/pages"}],"about":[{"href":"https:\/\/edckranj.com\/index.php\/wp-json\/wp\/v2\/types\/page"}],"author":[{"embeddable":true,"href":"https:\/\/edckranj.com\/index.php\/wp-json\/wp\/v2\/users\/1"}],"replies":[{"embeddable":true,"href":"https:\/\/edckranj.com\/index.php\/wp-json\/wp\/v2\/comments?post=31"}],"version-history":[{"count":2,"href":"https:\/\/edckranj.com\/index.php\/wp-json\/wp\/v2\/pages\/31\/revisions"}],"predecessor-version":[{"id":133,"href":"https:\/\/edckranj.com\/index.php\/wp-json\/wp\/v2\/pages\/31\/revisions\/133"}],"up":[{"embeddable":true,"href":"https:\/\/edckranj.com\/index.php\/wp-json\/wp\/v2\/pages\/29"}],"wp:attachment":[{"href":"https:\/\/edckranj.com\/index.php\/wp-json\/wp\/v2\/media?parent=31"}],"curies":[{"name":"wp","href":"https:\/\/api.w.org\/{rel}","templated":true}]}}