{"id":476,"date":"2017-07-10T11:05:00","date_gmt":"2017-07-10T09:05:00","guid":{"rendered":"http:\/\/edckranj.com\/?page_id=476"},"modified":"2017-08-31T10:58:43","modified_gmt":"2017-08-31T08:58:43","slug":"javni-razpis-za-sofinaciranje-solnin-za-dvig-izobrazbene-ravni","status":"publish","type":"page","link":"https:\/\/edckranj.com\/index.php\/javni-razpis-za-sofinaciranje-solnin-za-dvig-izobrazbene-ravni\/","title":{"rendered":"JAVNI RAZPIS ZA SOFINACIRANJE \u0160OLNIN ZA DVIG IZOBRAZBENE RAVNI"},"content":{"rendered":"<p>Javni \u0161tipendijski, razvojni, invalidski in pre\u017eivninski sklad razpisuje na povezavi http:\/\/<a href=\"http:\/\/www.sklad-kadri.si\/si\/razpisi-in-objave\/razpis\/n\/javni-razpis-za-dodelitev-stipendij-za-deficitarne-poklice-za-solsko-leto-20172018-230-javni-ra\/\">www.sklad-kadri.si\/si\/razpisi-in-objave\/razpis\/n\/javni-razpis-za-dodelitev-stipendij-za-deficitarne-poklice-za-solsko-leto-20172018-230-javni-ra\/<\/a>mo\u017enost povrnitve stro\u0161kov \u0161olnine do makmimalne vi\u0161ine 2.500,00 \u20ac na leto za dvig izobrazbene ravni (do\u0161olanja).<\/p>\n<p>&nbsp;<\/p>\n<p><strong>\u00a0<\/strong><\/p>\n","protected":false},"excerpt":{"rendered":"<p>Javni \u0161tipendijski, razvojni, invalidski in pre\u017eivninski sklad razpisuje na povezavi http:\/\/www.sklad-kadri.si\/si\/razpisi-in-objave\/razpis\/n\/javni-razpis-za-dodelitev-stipendij-za-deficitarne-poklice-za-solsko-leto-20172018-230-javni-ra\/mo\u017enost povrnitve stro\u0161kov \u0161olnine do makmimalne vi\u0161ine 2.500,00 \u20ac na leto za dvig izobrazbene ravni (do\u0161olanja). &nbsp; \u00a0<\/p>\n","protected":false},"author":3,"featured_media":0,"parent":0,"menu_order":0,"comment_status":"closed","ping_status":"closed","template":"","meta":{"footnotes":""},"_links":{"self":[{"href":"https:\/\/edckranj.com\/index.php\/wp-json\/wp\/v2\/pages\/476"}],"collection":[{"href":"https:\/\/edckranj.com\/index.php\/wp-json\/wp\/v2\/pages"}],"about":[{"href":"https:\/\/edckranj.com\/index.php\/wp-json\/wp\/v2\/types\/page"}],"author":[{"embeddable":true,"href":"https:\/\/edckranj.com\/index.php\/wp-json\/wp\/v2\/users\/3"}],"replies":[{"embeddable":true,"href":"https:\/\/edckranj.com\/index.php\/wp-json\/wp\/v2\/comments?post=476"}],"version-history":[{"count":7,"href":"https:\/\/edckranj.com\/index.php\/wp-json\/wp\/v2\/pages\/476\/revisions"}],"predecessor-version":[{"id":500,"href":"https:\/\/edckranj.com\/index.php\/wp-json\/wp\/v2\/pages\/476\/revisions\/500"}],"wp:attachment":[{"href":"https:\/\/edckranj.com\/index.php\/wp-json\/wp\/v2\/media?parent=476"}],"curies":[{"name":"wp","href":"https:\/\/api.w.org\/{rel}","templated":true}]}}