{"id":54,"date":"2016-09-12T06:38:47","date_gmt":"2016-09-12T06:38:47","guid":{"rendered":"http:\/\/localhost:8888\/edc\/?page_id=54"},"modified":"2016-09-22T13:30:28","modified_gmt":"2016-09-22T13:30:28","slug":"poslanstvo","status":"publish","type":"page","link":"https:\/\/edckranj.com\/index.php\/o-srednji-soli\/poslanstvo\/","title":{"rendered":"Poslanstvo"},"content":{"rendered":"<p>EDC Kranj omogo\u010da izobra\u017eevanje po vsej vertikali gradbenih poklicev, od zidarja, tesarja, slikopleskarja, pe\u010darja, dimnikarja preko gradbenega tehnika do in\u017eenirja gradbeni\u0161tva ter varstva okolja in komunale na podro\u010dju izobra\u017eevanja odraslih. V \u017eelji, da bi se \u010dim bolj specializirali, se ukvarjamo izklju\u010dno z gradbenimi poklici. Vsi programi, ki jih izvajamo so verificirani. To pomeni, da po uspe\u0161nem zaklju\u010dku \u0161tudentje pridobijo javno veljavno listino.<\/p>\n<p>Ker so potrebe posameznih podjetij \u010dim ve\u010dja kvalificiranost delavcev, je poslanstvo EDC Kranj ugoditi mnogim podjetjem, ki na na\u0161o zasebno gradbeno \u0161olo po\u0161iljajo svoje zaposlene.<\/p>\n<p>Zagotavljanje kakovosti in ugodne klime na \u0161oli je eden od klju\u010dnih pogojev za uspe\u0161no delo na \u0161oli. Na EDC Kranj imamo oblikovano Komisijo za spremljanje in zagotavljanje kakovosti, ki vsako leto s pomo\u010djo samoevalvacije pride do klju\u010dnih rezultatov. Na podlagi ugotovitev ravnateljica poda predloge izbolj\u0161av in jih tudi skrbno realizira.<\/p>\n<p>EDC Kranj sodeluje s 150 podjetji po vsej Sloveniji. Zadovoljstvo delodajalcev z na\u0161imi \u0161tudenti je veliko, tako da z EDC Kranj odhajajo zrele osebe z veliko teoreti\u010dnega in prakti\u010dnega znanja za nadaljnje delo. \u0160e naprej bomo sodelovali s podjetji na podro\u010dju gradbeni\u0161tva in varstva okolja in komunale, predstavljali delovanje in uspehe \u0161tudentov ter spremljali razvoj kariernih poti na\u0161ih diplomantov. EDC Kranj Vi\u0161ja strokovna \u0161ola se vklju\u010duje v razli\u010dna zdru\u017eenja za izobra\u017eevanje, kot je Skupnost vi\u0161jih strokovnih \u0161ol.<\/p>\n<p>Na EDC Kranj bomo \u0161e naprej ohranjali dolgoletno tradicijo in kakovost izobra\u017eevanja odraslih na podro\u010dju gradbeni\u0161tva in obrti, saj se zavedamo pomembnosti gradbenih znanj za kulturni razvoj o\u017eje in \u0161ir\u0161e regije. Hkrati pa stremimo za \u0161e fleksibilnej\u0161im in \u0161e kvalitetnej\u0161im izobra\u017eevanjem za poklic in obrt.<\/p>\n","protected":false},"excerpt":{"rendered":"<p>EDC Kranj omogo\u010da izobra\u017eevanje po vsej vertikali gradbenih poklicev, od zidarja, tesarja, slikopleskarja, pe\u010darja, dimnikarja preko gradbenega tehnika do in\u017eenirja gradbeni\u0161tva ter varstva okolja in komunale na podro\u010dju izobra\u017eevanja odraslih. V \u017eelji, da bi se \u010dim bolj specializirali, se ukvarjamo izklju\u010dno z gradbenimi poklici. Vsi programi, ki jih izvajamo so[&#8230;]<\/p>\n","protected":false},"author":1,"featured_media":0,"parent":52,"menu_order":0,"comment_status":"closed","ping_status":"closed","template":"","meta":{"footnotes":""},"_links":{"self":[{"href":"https:\/\/edckranj.com\/index.php\/wp-json\/wp\/v2\/pages\/54"}],"collection":[{"href":"https:\/\/edckranj.com\/index.php\/wp-json\/wp\/v2\/pages"}],"about":[{"href":"https:\/\/edckranj.com\/index.php\/wp-json\/wp\/v2\/types\/page"}],"author":[{"embeddable":true,"href":"https:\/\/edckranj.com\/index.php\/wp-json\/wp\/v2\/users\/1"}],"replies":[{"embeddable":true,"href":"https:\/\/edckranj.com\/index.php\/wp-json\/wp\/v2\/comments?post=54"}],"version-history":[{"count":1,"href":"https:\/\/edckranj.com\/index.php\/wp-json\/wp\/v2\/pages\/54\/revisions"}],"predecessor-version":[{"id":245,"href":"https:\/\/edckranj.com\/index.php\/wp-json\/wp\/v2\/pages\/54\/revisions\/245"}],"up":[{"embeddable":true,"href":"https:\/\/edckranj.com\/index.php\/wp-json\/wp\/v2\/pages\/52"}],"wp:attachment":[{"href":"https:\/\/edckranj.com\/index.php\/wp-json\/wp\/v2\/media?parent=54"}],"curies":[{"name":"wp","href":"https:\/\/api.w.org\/{rel}","templated":true}]}}