{"id":55,"date":"2016-09-12T06:38:56","date_gmt":"2016-09-12T06:38:56","guid":{"rendered":"http:\/\/localhost:8888\/edc\/?page_id=55"},"modified":"2022-12-22T15:34:29","modified_gmt":"2022-12-22T14:34:29","slug":"vizija","status":"publish","type":"page","link":"https:\/\/edckranj.com\/index.php\/o-srednji-soli\/vizija\/","title":{"rendered":"Vizija"},"content":{"rendered":"<p><span style=\"color: #000000; font-family: Calibri;\">Spo\u0161tovani \u0161tudenti,<\/span><\/p>\n<p><span style=\"color: #000000; font-family: Calibri;\">\u017eelim vam, da bi bili pri \u0161tudiju uspe\u0161ni in da bi vam \u0161tudij \u010dim bolj slu\u017eil na va\u0161i poklicni poti. Ves \u010das sledimu viziji \u0161ole, ki pa jo uresni\u010dujemo skupaj z vami.<\/span><\/p>\n<p><span style=\"color: #000000; font-family: Calibri;\">dekan<\/span><\/p>\n<p>Vizijo so sooblikovali in preoblikovali \u010dlani Strate\u0161kega sveta s pomo\u010djo ugotovitev predavateljskega zbora.<\/p>\n<p>Na prenovljeni spletni strani in v publikaciji je vizija vi\u0161je strokovne \u0161ole tudi zapisana.<\/p>\n<p>Na\u0161a vizija je, \u00bb<em>da vam pomagamo realizirati lastne ambicije in vam nuditi poklicno konkuren\u010dnost.\u00ab <\/em>S kakovostnim izobra\u017eevanjem kadrov \u017eelimo postati upo\u0161tevanja vreden dejavnik razvoja gospodarstva.<\/p>\n<p>VS\u0160 svojo vizijo udejanja s kakovostnim izobra\u017eevalnim procesom in prizadevanjem za pridobivanje kompetenc \u0161tudentov, ki so pomembne za uspe\u0161no opravljanje svojega dela.<\/p>\n<p>\u0160e vedno se dr\u017eimo berberskega pregovora, ki je slogan \u0161ole \u00bbObvladovanje svojega poklica je, kot bi imel lastno trdnjavo.\u00ab<\/p>\n<p>EDC Kranj uresni\u010duje svojo vizijo z Letnim delovnim na\u010drtom, ki ga sprejme Svet zavoda in Poslovnikom kakovosti. Z letnim na\u010drtovanjem dolo\u010damo potek dela, s katerim uresni\u010dujemo zastavljene cilje.<\/p>\n<h2><\/h2>\n","protected":false},"excerpt":{"rendered":"<p>Spo\u0161tovani \u0161tudenti, \u017eelim vam, da bi bili pri \u0161tudiju uspe\u0161ni in da bi vam \u0161tudij \u010dim bolj slu\u017eil na va\u0161i poklicni poti. Ves \u010das sledimu viziji \u0161ole, ki pa jo uresni\u010dujemo skupaj z vami. dekan Vizijo so sooblikovali in preoblikovali \u010dlani Strate\u0161kega sveta s pomo\u010djo ugotovitev predavateljskega zbora. Na prenovljeni[&#8230;]<\/p>\n","protected":false},"author":1,"featured_media":0,"parent":52,"menu_order":0,"comment_status":"closed","ping_status":"closed","template":"","meta":{"footnotes":""},"_links":{"self":[{"href":"https:\/\/edckranj.com\/index.php\/wp-json\/wp\/v2\/pages\/55"}],"collection":[{"href":"https:\/\/edckranj.com\/index.php\/wp-json\/wp\/v2\/pages"}],"about":[{"href":"https:\/\/edckranj.com\/index.php\/wp-json\/wp\/v2\/types\/page"}],"author":[{"embeddable":true,"href":"https:\/\/edckranj.com\/index.php\/wp-json\/wp\/v2\/users\/1"}],"replies":[{"embeddable":true,"href":"https:\/\/edckranj.com\/index.php\/wp-json\/wp\/v2\/comments?post=55"}],"version-history":[{"count":5,"href":"https:\/\/edckranj.com\/index.php\/wp-json\/wp\/v2\/pages\/55\/revisions"}],"predecessor-version":[{"id":1462,"href":"https:\/\/edckranj.com\/index.php\/wp-json\/wp\/v2\/pages\/55\/revisions\/1462"}],"up":[{"embeddable":true,"href":"https:\/\/edckranj.com\/index.php\/wp-json\/wp\/v2\/pages\/52"}],"wp:attachment":[{"href":"https:\/\/edckranj.com\/index.php\/wp-json\/wp\/v2\/media?parent=55"}],"curies":[{"name":"wp","href":"https:\/\/api.w.org\/{rel}","templated":true}]}}