{"id":57,"date":"2016-09-12T06:39:13","date_gmt":"2016-09-12T06:39:13","guid":{"rendered":"http:\/\/localhost:8888\/edc\/?page_id=57"},"modified":"2016-09-22T11:14:57","modified_gmt":"2016-09-22T11:14:57","slug":"urniki","status":"publish","type":"page","link":"https:\/\/edckranj.com\/index.php\/o-srednji-soli\/urniki\/","title":{"rendered":"Urniki"},"content":{"rendered":"<p style=\"margin: 0cm; margin-bottom: .0001pt; text-align: justify; line-height: 13.5pt;\"><span style=\"font-family: 'Calibri','sans-serif';\">Predavanja so organizirana dvakrat tedensko po pet (5) \u0161olskih ur in potekajo v strnjeni obliki. Za vsak predmet \u0161ola priskrbi u\u010dno literaturo. Po zaklju\u010dku predavanj sledi izpit.<\/span><\/p>\n<p style=\"margin: 0cm; margin-bottom: .0001pt; text-align: justify; line-height: 13.5pt;\"><span style=\"font-family: 'Calibri','sans-serif';\"> <\/span><\/p>\n<p style=\"margin: 0cm; margin-bottom: .0001pt; text-align: justify; line-height: 13.5pt;\"><span style=\"font-family: 'Calibri','sans-serif';\">Urnik predavanj se prilagaja \u0161tevilu kandidatov za posamezni poklic ter podatkom, kateri predmeti so posameznim udele\u017eencem izobra\u017eevanja priznani iz druge \u0161ole oz. katere predmete so udele\u017eenci do sedaj \u017ee opravili. Oblika izobra\u017eevalnega dela (predavanja, vodeno samoizobra\u017eevanje, samostojno u\u010denje iz gradiv, seminarske naloge, vaje, izdelki) je prilagojena zaposlenim odraslim.<\/span><\/p>\n","protected":false},"excerpt":{"rendered":"<p>Predavanja so organizirana dvakrat tedensko po pet (5) \u0161olskih ur in potekajo v strnjeni obliki. Za vsak predmet \u0161ola priskrbi u\u010dno literaturo. Po zaklju\u010dku predavanj sledi izpit. Urnik predavanj se prilagaja \u0161tevilu kandidatov za posamezni poklic ter podatkom, kateri predmeti so posameznim udele\u017eencem izobra\u017eevanja priznani iz druge \u0161ole oz. katere[&#8230;]<\/p>\n","protected":false},"author":1,"featured_media":0,"parent":52,"menu_order":0,"comment_status":"closed","ping_status":"closed","template":"","meta":{"footnotes":""},"_links":{"self":[{"href":"https:\/\/edckranj.com\/index.php\/wp-json\/wp\/v2\/pages\/57"}],"collection":[{"href":"https:\/\/edckranj.com\/index.php\/wp-json\/wp\/v2\/pages"}],"about":[{"href":"https:\/\/edckranj.com\/index.php\/wp-json\/wp\/v2\/types\/page"}],"author":[{"embeddable":true,"href":"https:\/\/edckranj.com\/index.php\/wp-json\/wp\/v2\/users\/1"}],"replies":[{"embeddable":true,"href":"https:\/\/edckranj.com\/index.php\/wp-json\/wp\/v2\/comments?post=57"}],"version-history":[{"count":2,"href":"https:\/\/edckranj.com\/index.php\/wp-json\/wp\/v2\/pages\/57\/revisions"}],"predecessor-version":[{"id":1471,"href":"https:\/\/edckranj.com\/index.php\/wp-json\/wp\/v2\/pages\/57\/revisions\/1471"}],"up":[{"embeddable":true,"href":"https:\/\/edckranj.com\/index.php\/wp-json\/wp\/v2\/pages\/52"}],"wp:attachment":[{"href":"https:\/\/edckranj.com\/index.php\/wp-json\/wp\/v2\/media?parent=57"}],"curies":[{"name":"wp","href":"https:\/\/api.w.org\/{rel}","templated":true}]}}