{"id":58,"date":"2016-09-12T06:39:23","date_gmt":"2016-09-12T06:39:23","guid":{"rendered":"http:\/\/localhost:8888\/edc\/?page_id=58"},"modified":"2022-02-16T13:52:06","modified_gmt":"2022-02-16T12:52:06","slug":"izpitni-roki","status":"publish","type":"page","link":"https:\/\/edckranj.com\/index.php\/o-srednji-soli\/izpitni-roki\/","title":{"rendered":"Izpitni roki"},"content":{"rendered":"<p>Za vsak predmet so v enem \u0161olskem letu organizirani 4 izpitni roki, in sicer dva med letom, en v spomladanskem ter en v jesenskem izpitnem roku. Prijava k izpitu je obvezna.<\/p>\n<p>K izpitu se lahko prijavite s prijavnico \u2013 ZAPISNIK O IZPITU, ki jo dobite v referatu \u0161ole.<\/p>\n<p>Na izpit se lahko prijavite najmanj tri dni pred izpitnim rokom, odjavite pa vsaj en dan pred izpitom v referatu \u0161ole ali prek elektronskega naslova.<\/p>\n<p>O dnevu, \u010dasu in prostoru poteka izpita boste obve\u0161\u010deni z obvestilom na oglasni deski \u0161ole.<\/p>\n<p>Vse informacije dobite na elektronskem naslovu <a href=\"mailto:edc.gradbena@guest.arnes.si\">edc.visja@guest.arnes.si<\/a> ali prek telefona (\u0161tevilka 041\/351 164).<\/p>\n<p>&nbsp;<\/p>\n<p>&nbsp;<\/p>\n<p>&nbsp;<\/p>\n","protected":false},"excerpt":{"rendered":"<p>Za vsak predmet so v enem \u0161olskem letu organizirani 4 izpitni roki, in sicer dva med letom, en v spomladanskem ter en v jesenskem izpitnem roku. Prijava k izpitu je obvezna. K izpitu se lahko prijavite s prijavnico \u2013 ZAPISNIK O IZPITU, ki jo dobite v referatu \u0161ole. Na izpit[&#8230;]<\/p>\n","protected":false},"author":1,"featured_media":0,"parent":52,"menu_order":0,"comment_status":"closed","ping_status":"closed","template":"","meta":{"footnotes":""},"_links":{"self":[{"href":"https:\/\/edckranj.com\/index.php\/wp-json\/wp\/v2\/pages\/58"}],"collection":[{"href":"https:\/\/edckranj.com\/index.php\/wp-json\/wp\/v2\/pages"}],"about":[{"href":"https:\/\/edckranj.com\/index.php\/wp-json\/wp\/v2\/types\/page"}],"author":[{"embeddable":true,"href":"https:\/\/edckranj.com\/index.php\/wp-json\/wp\/v2\/users\/1"}],"replies":[{"embeddable":true,"href":"https:\/\/edckranj.com\/index.php\/wp-json\/wp\/v2\/comments?post=58"}],"version-history":[{"count":11,"href":"https:\/\/edckranj.com\/index.php\/wp-json\/wp\/v2\/pages\/58\/revisions"}],"predecessor-version":[{"id":1279,"href":"https:\/\/edckranj.com\/index.php\/wp-json\/wp\/v2\/pages\/58\/revisions\/1279"}],"up":[{"embeddable":true,"href":"https:\/\/edckranj.com\/index.php\/wp-json\/wp\/v2\/pages\/52"}],"wp:attachment":[{"href":"https:\/\/edckranj.com\/index.php\/wp-json\/wp\/v2\/media?parent=58"}],"curies":[{"name":"wp","href":"https:\/\/api.w.org\/{rel}","templated":true}]}}