{"id":60,"date":"2016-09-12T06:39:44","date_gmt":"2016-09-12T06:39:44","guid":{"rendered":"http:\/\/localhost:8888\/edc\/?page_id=60"},"modified":"2022-02-16T11:13:15","modified_gmt":"2022-02-16T10:13:15","slug":"zakljucni-izpit","status":"publish","type":"page","link":"https:\/\/edckranj.com\/index.php\/o-srednji-soli\/zakljucni-izpit\/","title":{"rendered":"Zaklju\u010dni izpit"},"content":{"rendered":"<p>Zaklju\u010dni izpiti potekajo v spomladanskem, jesenskem in zimskem roku. Objavljeni so na za\u010detku teko\u010dega leta tudi na oglasni deski v \u0161oli.<\/p>\n<p><u>Koledar zaklju\u010dnega izpita za \u0161olsko leto 2021\/22<\/u><\/p>\n<p><strong>KOLEDAR ZA ZAKLJU\u010cNI IZPIT 2021\/22<\/strong><\/p>\n<table style=\"width: 100%; height: 96px;\" width=\"100%\">\n<tbody>\n<tr style=\"height: 24px;\">\n<td style=\"height: 24px;\" width=\"284\"><strong>izpitni rok<\/strong><\/td>\n<td style=\"height: 24px;\" width=\"284\"><strong>dan<\/strong><\/td>\n<td style=\"height: 24px;\" width=\"284\"><strong>datum<\/strong><\/td>\n<td style=\"height: 24px;\" width=\"284\"><strong>aktivnosti<\/strong><\/td>\n<\/tr>\n<tr style=\"height: 24px;\">\n<td style=\"height: 24px;\" width=\"284\">zimski<\/td>\n<td style=\"height: 24px;\" width=\"284\"><\/td>\n<td style=\"height: 24px;\" width=\"284\">3.2.2022<\/td>\n<td style=\"height: 24px;\" width=\"284\">SLOVEN\u0160\u010cINA<\/td>\n<\/tr>\n<tr style=\"height: 24px;\">\n<td style=\"height: 24px;\" width=\"284\">spomladanski<\/td>\n<td style=\"height: 24px;\" width=\"284\"><\/td>\n<td style=\"height: 24px;\" width=\"284\">6.6.2022<\/td>\n<td style=\"height: 24px;\" width=\"284\">SLOVEN\u0160\u010cINA<\/td>\n<\/tr>\n<tr style=\"height: 24px;\">\n<td style=\"height: 24px;\" width=\"284\">jesenski<\/td>\n<td style=\"height: 24px;\" width=\"284\"><\/td>\n<td style=\"height: 24px;\" width=\"284\">23.8.2022<\/td>\n<td style=\"height: 24px;\" width=\"284\">SLOVEN\u0160\u010cINA<\/td>\n<\/tr>\n<\/tbody>\n<\/table>\n<p><strong>Opomba: <\/strong><\/p>\n<p>Datume za ostale izpite zaklju\u010dnega izpita in datum seznanitve kandidatov z uspehom pri zaklju\u010dnem izpitu dolo\u010di \u0161ola v \u0161olskem koledarju.<\/p>\n<p>Poro\u010dilo o delovni praksi si natisnete <a href=\"http:\/\/dev1.nanostudio.eu\/edc\/wp-content\/uploads\/2016\/09\/EDC_dnevnik_prakse.doc\">tukaj<\/a>. Izpolnjenega in podpisanega s strani podjetja prinesite na zaklju\u010dni izpit.<\/p>\n<p>&nbsp;<\/p>\n<p>&nbsp;<\/p>\n","protected":false},"excerpt":{"rendered":"<p>Zaklju\u010dni izpiti potekajo v spomladanskem, jesenskem in zimskem roku. Objavljeni so na za\u010detku teko\u010dega leta tudi na oglasni deski v \u0161oli. Koledar zaklju\u010dnega izpita za \u0161olsko leto 2021\/22 KOLEDAR ZA ZAKLJU\u010cNI IZPIT 2021\/22 izpitni rok dan datum aktivnosti zimski 3.2.2022 SLOVEN\u0160\u010cINA spomladanski 6.6.2022 SLOVEN\u0160\u010cINA jesenski 23.8.2022 SLOVEN\u0160\u010cINA Opomba: Datume za[&#8230;]<\/p>\n","protected":false},"author":1,"featured_media":0,"parent":52,"menu_order":0,"comment_status":"closed","ping_status":"closed","template":"","meta":{"footnotes":""},"_links":{"self":[{"href":"https:\/\/edckranj.com\/index.php\/wp-json\/wp\/v2\/pages\/60"}],"collection":[{"href":"https:\/\/edckranj.com\/index.php\/wp-json\/wp\/v2\/pages"}],"about":[{"href":"https:\/\/edckranj.com\/index.php\/wp-json\/wp\/v2\/types\/page"}],"author":[{"embeddable":true,"href":"https:\/\/edckranj.com\/index.php\/wp-json\/wp\/v2\/users\/1"}],"replies":[{"embeddable":true,"href":"https:\/\/edckranj.com\/index.php\/wp-json\/wp\/v2\/comments?post=60"}],"version-history":[{"count":14,"href":"https:\/\/edckranj.com\/index.php\/wp-json\/wp\/v2\/pages\/60\/revisions"}],"predecessor-version":[{"id":1275,"href":"https:\/\/edckranj.com\/index.php\/wp-json\/wp\/v2\/pages\/60\/revisions\/1275"}],"up":[{"embeddable":true,"href":"https:\/\/edckranj.com\/index.php\/wp-json\/wp\/v2\/pages\/52"}],"wp:attachment":[{"href":"https:\/\/edckranj.com\/index.php\/wp-json\/wp\/v2\/media?parent=60"}],"curies":[{"name":"wp","href":"https:\/\/api.w.org\/{rel}","templated":true}]}}