{"id":643,"date":"2017-12-11T17:53:29","date_gmt":"2017-12-11T16:53:29","guid":{"rendered":"http:\/\/edckranj.com\/?page_id=643"},"modified":"2022-01-25T13:08:12","modified_gmt":"2022-01-25T12:08:12","slug":"nagovor","status":"publish","type":"page","link":"https:\/\/edckranj.com\/index.php\/nagovor\/","title":{"rendered":"Nagovor"},"content":{"rendered":"<p><span style=\"color: #000000; font-family: Calibri;\">Spo\u0161tovani \u0161tudenti,<\/span><\/p>\n<p><span style=\"color: #000000; font-family: Calibri;\">\u0161tudij, za katerega ste se odlo\u010dili je tehni\u010dne smeri. \u017delim vam, da bi bili pri \u0161tudiju uspe\u0161ni in da bi vam \u0161tudij \u010dim bolj slu\u017eil na va\u0161i poklicni poti. Ves \u010das sledimo<\/span><span style=\"color: #000000; font-family: Calibri;\">\u00a0viziji \u0161ole, ki pa jo uresni\u010dujemo skupaj z vami.<\/span><\/p>\n<p><span style=\"color: #000000; font-family: Calibri;\">\u00a0<\/span><\/p>\n<p><span style=\"color: #000000; font-family: Calibri;\">ravnateljica<\/span><\/p>\n","protected":false},"excerpt":{"rendered":"<p>Spo\u0161tovani \u0161tudenti, \u0161tudij, za katerega ste se odlo\u010dili je tehni\u010dne smeri. \u017delim vam, da bi bili pri \u0161tudiju uspe\u0161ni in da bi vam \u0161tudij \u010dim bolj slu\u017eil na va\u0161i poklicni poti. Ves \u010das sledimo\u00a0viziji \u0161ole, ki pa jo uresni\u010dujemo skupaj z vami. \u00a0 ravnateljica<\/p>\n","protected":false},"author":3,"featured_media":0,"parent":0,"menu_order":0,"comment_status":"closed","ping_status":"closed","template":"","meta":{"footnotes":""},"_links":{"self":[{"href":"https:\/\/edckranj.com\/index.php\/wp-json\/wp\/v2\/pages\/643"}],"collection":[{"href":"https:\/\/edckranj.com\/index.php\/wp-json\/wp\/v2\/pages"}],"about":[{"href":"https:\/\/edckranj.com\/index.php\/wp-json\/wp\/v2\/types\/page"}],"author":[{"embeddable":true,"href":"https:\/\/edckranj.com\/index.php\/wp-json\/wp\/v2\/users\/3"}],"replies":[{"embeddable":true,"href":"https:\/\/edckranj.com\/index.php\/wp-json\/wp\/v2\/comments?post=643"}],"version-history":[{"count":2,"href":"https:\/\/edckranj.com\/index.php\/wp-json\/wp\/v2\/pages\/643\/revisions"}],"predecessor-version":[{"id":1248,"href":"https:\/\/edckranj.com\/index.php\/wp-json\/wp\/v2\/pages\/643\/revisions\/1248"}],"wp:attachment":[{"href":"https:\/\/edckranj.com\/index.php\/wp-json\/wp\/v2\/media?parent=643"}],"curies":[{"name":"wp","href":"https:\/\/api.w.org\/{rel}","templated":true}]}}