{"id":70,"date":"2016-09-12T06:40:18","date_gmt":"2016-09-12T06:40:18","guid":{"rendered":"http:\/\/localhost:8888\/edc\/?page_id=70"},"modified":"2022-02-23T16:32:29","modified_gmt":"2022-02-23T15:32:29","slug":"povezave","status":"publish","type":"page","link":"https:\/\/edckranj.com\/index.php\/o-srednji-soli\/povezave\/","title":{"rendered":"Povezave"},"content":{"rendered":"\n<p><a rel=\"noreferrer noopener\" href=\"https:\/\/www.ric.si\/\" data-type=\"URL\" data-id=\"https:\/\/www.ric.si\/\" target=\"_blank\">Republi\u0161ki izpitni center RIC<\/a><\/p>\n\n\n\n<p><a href=\"https:\/\/cpi.si\/\" data-type=\"URL\" data-id=\"https:\/\/cpi.si\/\" target=\"_blank\" rel=\"noreferrer noopener\">Center za poklicno izobra\u017eevanje CPI<\/a><\/p>\n\n\n\n<p><a href=\"http:\/\/www.pisrs.si\/Pis.web\/pregledPredpisa?id=ZAKO7641\" data-type=\"URL\" data-id=\"http:\/\/www.pisrs.si\/Pis.web\/pregledPredpisa?id=ZAKO7641\" target=\"_blank\" rel=\"noreferrer noopener\">Zakon o izobra\u017eevanju odraslih (pisrs.si)<\/a><\/p>\n\n\n\n<p><\/p>\n","protected":false},"excerpt":{"rendered":"<p>Republi\u0161ki izpitni center RIC Center za poklicno izobra\u017eevanje CPI Zakon o izobra\u017eevanju odraslih (pisrs.si)<\/p>\n","protected":false},"author":1,"featured_media":0,"parent":52,"menu_order":0,"comment_status":"closed","ping_status":"closed","template":"","meta":{"footnotes":""},"_links":{"self":[{"href":"https:\/\/edckranj.com\/index.php\/wp-json\/wp\/v2\/pages\/70"}],"collection":[{"href":"https:\/\/edckranj.com\/index.php\/wp-json\/wp\/v2\/pages"}],"about":[{"href":"https:\/\/edckranj.com\/index.php\/wp-json\/wp\/v2\/types\/page"}],"author":[{"embeddable":true,"href":"https:\/\/edckranj.com\/index.php\/wp-json\/wp\/v2\/users\/1"}],"replies":[{"embeddable":true,"href":"https:\/\/edckranj.com\/index.php\/wp-json\/wp\/v2\/comments?post=70"}],"version-history":[{"count":3,"href":"https:\/\/edckranj.com\/index.php\/wp-json\/wp\/v2\/pages\/70\/revisions"}],"predecessor-version":[{"id":1314,"href":"https:\/\/edckranj.com\/index.php\/wp-json\/wp\/v2\/pages\/70\/revisions\/1314"}],"up":[{"embeddable":true,"href":"https:\/\/edckranj.com\/index.php\/wp-json\/wp\/v2\/pages\/52"}],"wp:attachment":[{"href":"https:\/\/edckranj.com\/index.php\/wp-json\/wp\/v2\/media?parent=70"}],"curies":[{"name":"wp","href":"https:\/\/api.w.org\/{rel}","templated":true}]}}